{"id":24422,"date":"2026-04-16T11:00:44","date_gmt":"2026-04-16T09:00:44","guid":{"rendered":"https:\/\/voltride.com\/10-katurenkas-10x25\/"},"modified":"2026-04-16T14:09:55","modified_gmt":"2026-04-16T12:09:55","slug":"10-katurenkas-10x25","status":"publish","type":"product","link":"https:\/\/voltride.com\/fi\/10-katurenkas-10x25\/","title":{"rendered":"10\u201d katurenkas 10&#215;2,5"},"content":{"rendered":"<div class=\"wpb-content-wrapper\"><p>[vc_row][vc_column][vc_column_text css=&#8221;&#8221; woodmart_inline=&#8221;no&#8221; text_larger=&#8221;no&#8221;]<\/p>\n<h2>Varaosa: 10\u201d katurenkas 10&#215;2,5<\/h2>\n<p>T\u00e4m\u00e4 varaosa sopii seuraaviin malleihin: GPad Storm (2022-), GPad Storm MAX (2022-), GPad Foxen, GPad Storm (2019\u20132021), GPad Storm MAX (2019\u20132021), Dualtron Spider, Dualtron Spider II, Dualtron Eagle, Dualtron Victor, Dualtron Victor Luxury, Inokim Quick3, Inokim Quick4, Inokim OX Hero, Inokim OX Super, Inokim OX Eco, Inokim OXO, Speedway IV, Speedway V.<\/p>\n<p>Jos et ole varma, onko t\u00e4m\u00e4 oikea osa ajoneuvoosi tai sinulla on muita kysymyksi\u00e4 varaosien yhteensopivuudesta, ota rohkeasti yhteytt\u00e4 s\u00e4hk\u00f6postitse osoitteeseen <a href=\"mailto:service@voltride.com\">service@voltride.com<\/a><\/p>\n<p>Varaosan valmistaja: CST<\/p>\n<h2>Lis\u00e4\u00e4 CST-varaosia l\u00f6yd\u00e4t <a href=\"https:\/\/voltride.com\/fi\/varaosat\/\">t\u00e4\u00e4lt\u00e4<\/a><\/h2>\n<p>Kaikki Voltride.comissa saatavilla olevat CST-varaosat ovat varastossa Euroopan varastossamme.<\/p>\n<h2>Onko oikean varaosan l\u00f6yt\u00e4minen hankalaa?<\/h2>\n<p>Kirjoita meille tai soita numeroon <a href=\"tel:+3726004099\">+372 600 40 99<\/a>, niin autamme sinua l\u00f6yt\u00e4m\u00e4\u00e4n oikean varaosan! Autamme mielell\u00e4mme l\u00f6yt\u00e4m\u00e4\u00e4n sopivat s\u00e4hk\u00f6potkulaudan varaosat.[\/vc_column_text][\/vc_column][\/vc_row]<\/p>\n<\/div>","protected":false},"excerpt":{"rendered":"<p>[vc_row][vc_column][vc_column_text css=&#8221;&#8221; woodmart_inline=&#8221;no&#8221; text_larger=&#8221;no&#8221;] Varaosa: 10\u201d katurenkas 10&#215;2,5 T\u00e4m\u00e4 varaosa sopii seuraaviin malleihin: GPad Storm (2022-), GPad Storm MAX (2022-),<\/p>\n","protected":false},"featured_media":24421,"comment_status":"open","ping_status":"closed","template":"","meta":[],"product_brand":[],"product_cat":[1429],"product_tag":[1479,1501,1531,1533,1621,1624,1626,1629,1632,1675,1676,1678,1680,1683,1771],"class_list":{"0":"post-24422","1":"product","2":"type-product","3":"status-publish","4":"has-post-thumbnail","6":"product_cat-sahkopotkulaudan-renkaat","7":"product_tag-dualtron-eagle","8":"product_tag-dualtron-eagle-pro","9":"product_tag-dualtron-victor","10":"product_tag-dualtron-victor-luxury","11":"product_tag-gpad-storm-2019-2021","12":"product_tag-gpad-storm-2022","13":"product_tag-gpad-storm-max-2019-2021","14":"product_tag-gpad-storm-max-2022","15":"product_tag-gpad-storm-ultra-2022","16":"product_tag-inokim-quick3-hero","17":"product_tag-inokim-quick3-super-2","18":"product_tag-inokim-quick3-super","19":"product_tag-inokim-quick4-hero","20":"product_tag-inokim-quick4-super","21":"product_tag-speedway-iv","23":"first","24":"instock","25":"taxable","26":"shipping-taxable","27":"purchasable","28":"product-type-simple"},"yoast_head":"<!-- This site is optimized with the Yoast SEO Premium plugin v27.3 (Yoast SEO v27.4) - https:\/\/yoast.com\/product\/yoast-seo-premium-wordpress\/ -->\n<title>10\u201d katurenkas 10x2,5 | Voltride<\/title>\n<meta name=\"robots\" content=\"index, follow, max-snippet:-1, max-image-preview:large, max-video-preview:-1\" \/>\n<link rel=\"canonical\" href=\"https:\/\/voltride.com\/fi\/10-katurenkas-10x25\/\" \/>\n<meta property=\"og:locale\" content=\"fi_FI\" \/>\n<meta property=\"og:type\" content=\"article\" \/>\n<meta property=\"og:title\" content=\"10\u201d katurenkas 10x2,5 | Voltride\" \/>\n<meta property=\"og:description\" content=\"[vc_row][vc_column][vc_column_text css=&#8221;&#8221; woodmart_inline=&#8221;no&#8221; text_larger=&#8221;no&#8221;] Varaosa: 10\u201d katurenkas 10&#215;2,5 T\u00e4m\u00e4 varaosa sopii seuraaviin malleihin: GPad Storm (2022-), GPad Storm MAX (2022-),\" \/>\n<meta property=\"og:url\" content=\"https:\/\/voltride.com\/fi\/10-katurenkas-10x25\/\" \/>\n<meta property=\"og:site_name\" content=\"Voltride\" \/>\n<meta property=\"article:publisher\" content=\"https:\/\/www.facebook.com\/voltridecom\/\" \/>\n<meta property=\"article:modified_time\" content=\"2026-04-16T12:09:55+00:00\" \/>\n<meta property=\"og:image\" content=\"https:\/\/voltride.com\/wp-content\/uploads\/2026\/04\/cstr004-1024x1024.png\" \/>\n\t<meta property=\"og:image:width\" content=\"1024\" \/>\n\t<meta property=\"og:image:height\" content=\"1024\" \/>\n\t<meta property=\"og:image:type\" content=\"image\/png\" \/>\n<meta name=\"twitter:card\" content=\"summary_large_image\" \/>\n<script type=\"application\/ld+json\" class=\"yoast-schema-graph\">{\"@context\":\"https:\\\/\\\/schema.org\",\"@graph\":[{\"@type\":\"WebPage\",\"@id\":\"https:\\\/\\\/voltride.com\\\/fi\\\/10-katurenkas-10x25\\\/\",\"url\":\"https:\\\/\\\/voltride.com\\\/fi\\\/10-katurenkas-10x25\\\/\",\"name\":\"10\u201d katurenkas 10x2,5 | Voltride\",\"isPartOf\":{\"@id\":\"https:\\\/\\\/voltride.com\\\/fi\\\/#website\"},\"primaryImageOfPage\":{\"@id\":\"https:\\\/\\\/voltride.com\\\/fi\\\/10-katurenkas-10x25\\\/#primaryimage\"},\"image\":{\"@id\":\"https:\\\/\\\/voltride.com\\\/fi\\\/10-katurenkas-10x25\\\/#primaryimage\"},\"thumbnailUrl\":\"https:\\\/\\\/voltride.com\\\/wp-content\\\/uploads\\\/2026\\\/04\\\/cstr004-scaled.png\",\"datePublished\":\"2026-04-16T09:00:44+00:00\",\"dateModified\":\"2026-04-16T12:09:55+00:00\",\"breadcrumb\":{\"@id\":\"https:\\\/\\\/voltride.com\\\/fi\\\/10-katurenkas-10x25\\\/#breadcrumb\"},\"inLanguage\":\"fi\",\"potentialAction\":[{\"@type\":\"ReadAction\",\"target\":[\"https:\\\/\\\/voltride.com\\\/fi\\\/10-katurenkas-10x25\\\/\"]}]},{\"@type\":\"ImageObject\",\"inLanguage\":\"fi\",\"@id\":\"https:\\\/\\\/voltride.com\\\/fi\\\/10-katurenkas-10x25\\\/#primaryimage\",\"url\":\"https:\\\/\\\/voltride.com\\\/wp-content\\\/uploads\\\/2026\\\/04\\\/cstr004-scaled.png\",\"contentUrl\":\"https:\\\/\\\/voltride.com\\\/wp-content\\\/uploads\\\/2026\\\/04\\\/cstr004-scaled.png\",\"width\":2560,\"height\":2560},{\"@type\":\"BreadcrumbList\",\"@id\":\"https:\\\/\\\/voltride.com\\\/fi\\\/10-katurenkas-10x25\\\/#breadcrumb\",\"itemListElement\":[{\"@type\":\"ListItem\",\"position\":1,\"name\":\"Etusivu\",\"item\":\"https:\\\/\\\/voltride.com\\\/fi\\\/\"},{\"@type\":\"ListItem\",\"position\":2,\"name\":\"Kauppa\",\"item\":\"https:\\\/\\\/voltride.com\\\/shop\\\/\"},{\"@type\":\"ListItem\",\"position\":3,\"name\":\"Varaosat\",\"item\":\"https:\\\/\\\/voltride.com\\\/fi\\\/varaosat\\\/\"},{\"@type\":\"ListItem\",\"position\":4,\"name\":\"Renkaat\",\"item\":\"https:\\\/\\\/voltride.com\\\/fi\\\/renkaat\\\/\"},{\"@type\":\"ListItem\",\"position\":5,\"name\":\"S\u00e4hk\u00f6potkulaudan renkaat\",\"item\":\"https:\\\/\\\/voltride.com\\\/fi\\\/sahkopotkulaudan-renkaat\\\/\"},{\"@type\":\"ListItem\",\"position\":6,\"name\":\"10\u201d katurenkas 10&#215;2,5\"}]},{\"@type\":\"WebSite\",\"@id\":\"https:\\\/\\\/voltride.com\\\/fi\\\/#website\",\"url\":\"https:\\\/\\\/voltride.com\\\/fi\\\/\",\"name\":\"Voltride\",\"description\":\"Parim elektrirataste elektrit\u00f5ukside ja \u00fcksrataste pood ja remont\",\"publisher\":{\"@id\":\"https:\\\/\\\/voltride.com\\\/fi\\\/#organization\"},\"alternateName\":\"Vr\",\"potentialAction\":[{\"@type\":\"SearchAction\",\"target\":{\"@type\":\"EntryPoint\",\"urlTemplate\":\"https:\\\/\\\/voltride.com\\\/fi\\\/?s={search_term_string}\"},\"query-input\":{\"@type\":\"PropertyValueSpecification\",\"valueRequired\":true,\"valueName\":\"search_term_string\"}}],\"inLanguage\":\"fi\"},{\"@type\":[\"Organization\",\"Place\"],\"@id\":\"https:\\\/\\\/voltride.com\\\/fi\\\/#organization\",\"name\":\"Voltride\",\"alternateName\":\"VR\",\"url\":\"https:\\\/\\\/voltride.com\\\/fi\\\/\",\"logo\":{\"@id\":\"https:\\\/\\\/voltride.com\\\/fi\\\/10-katurenkas-10x25\\\/#local-main-organization-logo\"},\"image\":{\"@id\":\"https:\\\/\\\/voltride.com\\\/fi\\\/10-katurenkas-10x25\\\/#local-main-organization-logo\"},\"sameAs\":[\"https:\\\/\\\/www.facebook.com\\\/voltridecom\\\/\"],\"legalName\":\"Voltride O\u00dc\",\"numberOfEmployees\":{\"@type\":\"QuantitativeValue\",\"minValue\":\"1\",\"maxValue\":\"10\"},\"ownershipFundingInfo\":\"https:\\\/\\\/voltride.com\\\/about-us\\\/\",\"hasMerchantReturnPolicy\":{\"@type\":\"MerchantReturnPolicy\",\"merchantReturnLink\":\"https:\\\/\\\/voltride.com\\\/shipping-and-returns\\\/\"},\"address\":{\"@id\":\"https:\\\/\\\/voltride.com\\\/fi\\\/10-katurenkas-10x25\\\/#local-main-place-address\"},\"geo\":{\"@type\":\"GeoCoordinates\",\"latitude\":\"59.439554\",\"longitude\":\"24.726644\"},\"telephone\":[\"+372 600 40 99\"],\"contactPoint\":{\"@type\":\"ContactPoint\",\"telephone\":\"+372 600 40 99\",\"email\":\"info@voltride.com\"},\"openingHoursSpecification\":[{\"@type\":\"OpeningHoursSpecification\",\"dayOfWeek\":[\"Monday\",\"Tuesday\",\"Wednesday\",\"Thursday\",\"Friday\"],\"opens\":\"10:00\",\"closes\":\"18:00\"},{\"@type\":\"OpeningHoursSpecification\",\"dayOfWeek\":[\"Saturday\",\"Sunday\"],\"opens\":\"00:00\",\"closes\":\"00:00\"}],\"email\":\"info@voltride.com\",\"taxID\":\"14871968\"},{\"@type\":\"PostalAddress\",\"@id\":\"https:\\\/\\\/voltride.com\\\/fi\\\/10-katurenkas-10x25\\\/#local-main-place-address\",\"streetAddress\":\"Voltride Telliskivi 57D\",\"addressLocality\":\"Tallinn\",\"postalCode\":\"10412\",\"addressRegion\":\"Tallinn\",\"addressCountry\":\"EE\"},{\"@type\":\"ImageObject\",\"inLanguage\":\"fi\",\"@id\":\"https:\\\/\\\/voltride.com\\\/fi\\\/10-katurenkas-10x25\\\/#local-main-organization-logo\",\"url\":\"https:\\\/\\\/voltride.com\\\/wp-content\\\/uploads\\\/voltride-logo.png\",\"contentUrl\":\"https:\\\/\\\/voltride.com\\\/wp-content\\\/uploads\\\/voltride-logo.png\",\"width\":2481,\"height\":620,\"caption\":\"Voltride\"}]}<\/script>\n<meta property=\"product:price:amount\" content=\"29.00\" \/>\n<meta property=\"product:price:currency\" content=\"EUR\" \/>\n<meta property=\"og:availability\" content=\"instock\" \/>\n<meta property=\"product:availability\" content=\"instock\" \/>\n<meta property=\"product:retailer_item_id\" content=\"CSTR004\" \/>\n<meta property=\"product:condition\" content=\"new\" \/>\n<meta name=\"geo.placename\" content=\"Tallinn\" \/>\n<meta name=\"geo.position\" content=\"59.439554;24.726644\" \/>\n<meta name=\"geo.region\" content=\"Viro\" \/>\n<!-- \/ Yoast SEO Premium plugin. -->","yoast_head_json":{"title":"10\u201d katurenkas 10x2,5 | Voltride","robots":{"index":"index","follow":"follow","max-snippet":"max-snippet:-1","max-image-preview":"max-image-preview:large","max-video-preview":"max-video-preview:-1"},"canonical":"https:\/\/voltride.com\/fi\/10-katurenkas-10x25\/","og_locale":"fi_FI","og_type":"article","og_title":"10\u201d katurenkas 10x2,5 | Voltride","og_description":"[vc_row][vc_column][vc_column_text css=&#8221;&#8221; woodmart_inline=&#8221;no&#8221; text_larger=&#8221;no&#8221;] Varaosa: 10\u201d katurenkas 10&#215;2,5 T\u00e4m\u00e4 varaosa sopii seuraaviin malleihin: GPad Storm (2022-), GPad Storm MAX (2022-),","og_url":"https:\/\/voltride.com\/fi\/10-katurenkas-10x25\/","og_site_name":"Voltride","article_publisher":"https:\/\/www.facebook.com\/voltridecom\/","article_modified_time":"2026-04-16T12:09:55+00:00","og_image":[{"width":1024,"height":1024,"url":"https:\/\/voltride.com\/wp-content\/uploads\/2026\/04\/cstr004-1024x1024.png","type":"image\/png"}],"twitter_card":"summary_large_image","schema":{"@context":"https:\/\/schema.org","@graph":[{"@type":"WebPage","@id":"https:\/\/voltride.com\/fi\/10-katurenkas-10x25\/","url":"https:\/\/voltride.com\/fi\/10-katurenkas-10x25\/","name":"10\u201d katurenkas 10x2,5 | Voltride","isPartOf":{"@id":"https:\/\/voltride.com\/fi\/#website"},"primaryImageOfPage":{"@id":"https:\/\/voltride.com\/fi\/10-katurenkas-10x25\/#primaryimage"},"image":{"@id":"https:\/\/voltride.com\/fi\/10-katurenkas-10x25\/#primaryimage"},"thumbnailUrl":"https:\/\/voltride.com\/wp-content\/uploads\/2026\/04\/cstr004-scaled.png","datePublished":"2026-04-16T09:00:44+00:00","dateModified":"2026-04-16T12:09:55+00:00","breadcrumb":{"@id":"https:\/\/voltride.com\/fi\/10-katurenkas-10x25\/#breadcrumb"},"inLanguage":"fi","potentialAction":[{"@type":"ReadAction","target":["https:\/\/voltride.com\/fi\/10-katurenkas-10x25\/"]}]},{"@type":"ImageObject","inLanguage":"fi","@id":"https:\/\/voltride.com\/fi\/10-katurenkas-10x25\/#primaryimage","url":"https:\/\/voltride.com\/wp-content\/uploads\/2026\/04\/cstr004-scaled.png","contentUrl":"https:\/\/voltride.com\/wp-content\/uploads\/2026\/04\/cstr004-scaled.png","width":2560,"height":2560},{"@type":"BreadcrumbList","@id":"https:\/\/voltride.com\/fi\/10-katurenkas-10x25\/#breadcrumb","itemListElement":[{"@type":"ListItem","position":1,"name":"Etusivu","item":"https:\/\/voltride.com\/fi\/"},{"@type":"ListItem","position":2,"name":"Kauppa","item":"https:\/\/voltride.com\/shop\/"},{"@type":"ListItem","position":3,"name":"Varaosat","item":"https:\/\/voltride.com\/fi\/varaosat\/"},{"@type":"ListItem","position":4,"name":"Renkaat","item":"https:\/\/voltride.com\/fi\/renkaat\/"},{"@type":"ListItem","position":5,"name":"S\u00e4hk\u00f6potkulaudan renkaat","item":"https:\/\/voltride.com\/fi\/sahkopotkulaudan-renkaat\/"},{"@type":"ListItem","position":6,"name":"10\u201d katurenkas 10&#215;2,5"}]},{"@type":"WebSite","@id":"https:\/\/voltride.com\/fi\/#website","url":"https:\/\/voltride.com\/fi\/","name":"Voltride","description":"Parim elektrirataste elektrit\u00f5ukside ja \u00fcksrataste pood ja remont","publisher":{"@id":"https:\/\/voltride.com\/fi\/#organization"},"alternateName":"Vr","potentialAction":[{"@type":"SearchAction","target":{"@type":"EntryPoint","urlTemplate":"https:\/\/voltride.com\/fi\/?s={search_term_string}"},"query-input":{"@type":"PropertyValueSpecification","valueRequired":true,"valueName":"search_term_string"}}],"inLanguage":"fi"},{"@type":["Organization","Place"],"@id":"https:\/\/voltride.com\/fi\/#organization","name":"Voltride","alternateName":"VR","url":"https:\/\/voltride.com\/fi\/","logo":{"@id":"https:\/\/voltride.com\/fi\/10-katurenkas-10x25\/#local-main-organization-logo"},"image":{"@id":"https:\/\/voltride.com\/fi\/10-katurenkas-10x25\/#local-main-organization-logo"},"sameAs":["https:\/\/www.facebook.com\/voltridecom\/"],"legalName":"Voltride O\u00dc","numberOfEmployees":{"@type":"QuantitativeValue","minValue":"1","maxValue":"10"},"ownershipFundingInfo":"https:\/\/voltride.com\/about-us\/","hasMerchantReturnPolicy":{"@type":"MerchantReturnPolicy","merchantReturnLink":"https:\/\/voltride.com\/shipping-and-returns\/"},"address":{"@id":"https:\/\/voltride.com\/fi\/10-katurenkas-10x25\/#local-main-place-address"},"geo":{"@type":"GeoCoordinates","latitude":"59.439554","longitude":"24.726644"},"telephone":["+372 600 40 99"],"contactPoint":{"@type":"ContactPoint","telephone":"+372 600 40 99","email":"info@voltride.com"},"openingHoursSpecification":[{"@type":"OpeningHoursSpecification","dayOfWeek":["Monday","Tuesday","Wednesday","Thursday","Friday"],"opens":"10:00","closes":"18:00"},{"@type":"OpeningHoursSpecification","dayOfWeek":["Saturday","Sunday"],"opens":"00:00","closes":"00:00"}],"email":"info@voltride.com","taxID":"14871968"},{"@type":"PostalAddress","@id":"https:\/\/voltride.com\/fi\/10-katurenkas-10x25\/#local-main-place-address","streetAddress":"Voltride Telliskivi 57D","addressLocality":"Tallinn","postalCode":"10412","addressRegion":"Tallinn","addressCountry":"EE"},{"@type":"ImageObject","inLanguage":"fi","@id":"https:\/\/voltride.com\/fi\/10-katurenkas-10x25\/#local-main-organization-logo","url":"https:\/\/voltride.com\/wp-content\/uploads\/voltride-logo.png","contentUrl":"https:\/\/voltride.com\/wp-content\/uploads\/voltride-logo.png","width":2481,"height":620,"caption":"Voltride"}]},"product_price_amount":"29.00","product_price_currency":"EUR","og_availability":"instock","product_availability":"instock","product_retailer_item_id":"CSTR004","product_condition":"new","geo.placename":"Tallinn","geo.position":{"lat":"59.439554","long":"24.726644"},"geo.region":"Viro"},"_links":{"self":[{"href":"https:\/\/voltride.com\/fi\/wp-json\/wp\/v2\/product\/24422","targetHints":{"allow":["GET"]}}],"collection":[{"href":"https:\/\/voltride.com\/fi\/wp-json\/wp\/v2\/product"}],"about":[{"href":"https:\/\/voltride.com\/fi\/wp-json\/wp\/v2\/types\/product"}],"replies":[{"embeddable":true,"href":"https:\/\/voltride.com\/fi\/wp-json\/wp\/v2\/comments?post=24422"}],"wp:featuredmedia":[{"embeddable":true,"href":"https:\/\/voltride.com\/fi\/wp-json\/wp\/v2\/media\/24421"}],"wp:attachment":[{"href":"https:\/\/voltride.com\/fi\/wp-json\/wp\/v2\/media?parent=24422"}],"wp:term":[{"taxonomy":"product_brand","embeddable":true,"href":"https:\/\/voltride.com\/fi\/wp-json\/wp\/v2\/product_brand?post=24422"},{"taxonomy":"product_cat","embeddable":true,"href":"https:\/\/voltride.com\/fi\/wp-json\/wp\/v2\/product_cat?post=24422"},{"taxonomy":"product_tag","embeddable":true,"href":"https:\/\/voltride.com\/fi\/wp-json\/wp\/v2\/product_tag?post=24422"}],"curies":[{"name":"wp","href":"https:\/\/api.w.org\/{rel}","templated":true}]}}