{"id":24550,"date":"2026-04-17T13:01:05","date_gmt":"2026-04-17T11:01:05","guid":{"rendered":"https:\/\/voltride.com\/polkupyorakori-easy-square-pikalukituksella\/"},"modified":"2026-04-17T15:41:33","modified_gmt":"2026-04-17T13:41:33","slug":"polkupyorakori-easy-square-pikalukituksella","status":"publish","type":"product","link":"https:\/\/voltride.com\/fi\/polkupyorakori-easy-square-pikalukituksella\/","title":{"rendered":"Polkupy\u00f6r\u00e4kori Easy Square pikalukituksella"},"content":{"rendered":"<div class=\"wpb-content-wrapper\"><p>[vc_row][vc_column][vc_column_text woodmart_inline=&#8221;no&#8221; text_larger=&#8221;no&#8221;]<strong>Easy Square polkupy\u00f6r\u00e4kori<\/strong> on k\u00e4yt\u00e4nn\u00f6llinen ja kevyt etukori p\u00e4ivitt\u00e4iseen k\u00e4ytt\u00f6\u00f6n. Pikalukitusj\u00e4rjestelm\u00e4n ansiosta kori on helppo kiinnitt\u00e4\u00e4 ja irrottaa ohjaustangosta muutamassa sekunnissa, mik\u00e4 tekee siit\u00e4 k\u00e4tev\u00e4n ottaa mukaan ostoksille tai arjen asiointiin.<\/p>\n<p>Neli\u00f6nmuotoinen rakenne tarjoaa runsaasti tilaa laukuilla, ostoksille ja henkil\u00f6kohtaisille tavaroille, ja kest\u00e4v\u00e4 rakenne takaa hyv\u00e4n vakauden ja pitk\u00e4n k\u00e4ytt\u00f6i\u00e4n ajon aikana. Yksinkertainen ja toimiva ratkaisu py\u00f6r\u00e4ilij\u00e4lle, joka arvostaa mukavuutta ja monik\u00e4ytt\u00f6isyytt\u00e4.[\/vc_column_text][\/vc_column][\/vc_row]<\/p>\n<\/div>","protected":false},"excerpt":{"rendered":"<p>[vc_row][vc_column][vc_column_text woodmart_inline=&#8221;no&#8221; text_larger=&#8221;no&#8221;]Easy Square polkupy\u00f6r\u00e4kori on k\u00e4yt\u00e4nn\u00f6llinen ja kevyt etukori p\u00e4ivitt\u00e4iseen k\u00e4ytt\u00f6\u00f6n. Pikalukitusj\u00e4rjestelm\u00e4n ansiosta kori on helppo kiinnitt\u00e4\u00e4 ja irrottaa<\/p>\n","protected":false},"featured_media":24549,"comment_status":"open","ping_status":"closed","template":"","meta":[],"product_brand":[],"product_cat":[697],"product_tag":[],"class_list":{"0":"post-24550","1":"product","2":"type-product","3":"status-publish","4":"has-post-thumbnail","6":"product_cat-korit-ja-tavaratelineet","8":"first","9":"instock","10":"taxable","11":"shipping-taxable","12":"purchasable","13":"product-type-simple"},"yoast_head":"<!-- This site is optimized with the Yoast SEO Premium plugin v27.3 (Yoast SEO v27.4) - https:\/\/yoast.com\/product\/yoast-seo-premium-wordpress\/ -->\n<title>Polkupy\u00f6r\u00e4kori Easy Square pikalukituksella | Voltride<\/title>\n<meta name=\"robots\" content=\"index, follow, max-snippet:-1, max-image-preview:large, max-video-preview:-1\" \/>\n<link rel=\"canonical\" href=\"https:\/\/voltride.com\/fi\/polkupyorakori-easy-square-pikalukituksella\/\" \/>\n<meta property=\"og:locale\" content=\"fi_FI\" \/>\n<meta property=\"og:type\" content=\"article\" \/>\n<meta property=\"og:title\" content=\"Polkupy\u00f6r\u00e4kori Easy Square pikalukituksella | Voltride\" \/>\n<meta property=\"og:description\" content=\"[vc_row][vc_column][vc_column_text woodmart_inline=&#8221;no&#8221; text_larger=&#8221;no&#8221;]Easy Square polkupy\u00f6r\u00e4kori on k\u00e4yt\u00e4nn\u00f6llinen ja kevyt etukori p\u00e4ivitt\u00e4iseen k\u00e4ytt\u00f6\u00f6n. Pikalukitusj\u00e4rjestelm\u00e4n ansiosta kori on helppo kiinnitt\u00e4\u00e4 ja irrottaa\" \/>\n<meta property=\"og:url\" content=\"https:\/\/voltride.com\/fi\/polkupyorakori-easy-square-pikalukituksella\/\" \/>\n<meta property=\"og:site_name\" content=\"Voltride\" \/>\n<meta property=\"article:publisher\" content=\"https:\/\/www.facebook.com\/voltridecom\/\" \/>\n<meta property=\"article:modified_time\" content=\"2026-04-17T13:41:33+00:00\" \/>\n<meta property=\"og:image\" content=\"https:\/\/voltride.com\/wp-content\/uploads\/2026\/04\/eabg002.jpg\" \/>\n\t<meta property=\"og:image:width\" content=\"400\" \/>\n\t<meta property=\"og:image:height\" content=\"400\" \/>\n\t<meta property=\"og:image:type\" content=\"image\/jpeg\" \/>\n<meta name=\"twitter:card\" content=\"summary_large_image\" \/>\n<script type=\"application\/ld+json\" class=\"yoast-schema-graph\">{\"@context\":\"https:\\\/\\\/schema.org\",\"@graph\":[{\"@type\":\"WebPage\",\"@id\":\"https:\\\/\\\/voltride.com\\\/fi\\\/polkupyorakori-easy-square-pikalukituksella\\\/\",\"url\":\"https:\\\/\\\/voltride.com\\\/fi\\\/polkupyorakori-easy-square-pikalukituksella\\\/\",\"name\":\"Polkupy\u00f6r\u00e4kori Easy Square pikalukituksella | Voltride\",\"isPartOf\":{\"@id\":\"https:\\\/\\\/voltride.com\\\/fi\\\/#website\"},\"primaryImageOfPage\":{\"@id\":\"https:\\\/\\\/voltride.com\\\/fi\\\/polkupyorakori-easy-square-pikalukituksella\\\/#primaryimage\"},\"image\":{\"@id\":\"https:\\\/\\\/voltride.com\\\/fi\\\/polkupyorakori-easy-square-pikalukituksella\\\/#primaryimage\"},\"thumbnailUrl\":\"https:\\\/\\\/voltride.com\\\/wp-content\\\/uploads\\\/2026\\\/04\\\/eabg002.jpg\",\"datePublished\":\"2026-04-17T11:01:05+00:00\",\"dateModified\":\"2026-04-17T13:41:33+00:00\",\"breadcrumb\":{\"@id\":\"https:\\\/\\\/voltride.com\\\/fi\\\/polkupyorakori-easy-square-pikalukituksella\\\/#breadcrumb\"},\"inLanguage\":\"fi\",\"potentialAction\":[{\"@type\":\"ReadAction\",\"target\":[\"https:\\\/\\\/voltride.com\\\/fi\\\/polkupyorakori-easy-square-pikalukituksella\\\/\"]}]},{\"@type\":\"ImageObject\",\"inLanguage\":\"fi\",\"@id\":\"https:\\\/\\\/voltride.com\\\/fi\\\/polkupyorakori-easy-square-pikalukituksella\\\/#primaryimage\",\"url\":\"https:\\\/\\\/voltride.com\\\/wp-content\\\/uploads\\\/2026\\\/04\\\/eabg002.jpg\",\"contentUrl\":\"https:\\\/\\\/voltride.com\\\/wp-content\\\/uploads\\\/2026\\\/04\\\/eabg002.jpg\",\"width\":400,\"height\":400},{\"@type\":\"BreadcrumbList\",\"@id\":\"https:\\\/\\\/voltride.com\\\/fi\\\/polkupyorakori-easy-square-pikalukituksella\\\/#breadcrumb\",\"itemListElement\":[{\"@type\":\"ListItem\",\"position\":1,\"name\":\"Etusivu\",\"item\":\"https:\\\/\\\/voltride.com\\\/fi\\\/\"},{\"@type\":\"ListItem\",\"position\":2,\"name\":\"Kauppa\",\"item\":\"https:\\\/\\\/voltride.com\\\/shop\\\/\"},{\"@type\":\"ListItem\",\"position\":3,\"name\":\"Lis\u00e4tarvikkeet\",\"item\":\"https:\\\/\\\/voltride.com\\\/fi\\\/lisatarvikkeet\\\/\"},{\"@type\":\"ListItem\",\"position\":4,\"name\":\"Korit ja Tavaratelineet\",\"item\":\"https:\\\/\\\/voltride.com\\\/fi\\\/korit-ja-tavaratelineet\\\/\"},{\"@type\":\"ListItem\",\"position\":5,\"name\":\"Polkupy\u00f6r\u00e4kori Easy Square pikalukituksella\"}]},{\"@type\":\"WebSite\",\"@id\":\"https:\\\/\\\/voltride.com\\\/fi\\\/#website\",\"url\":\"https:\\\/\\\/voltride.com\\\/fi\\\/\",\"name\":\"Voltride\",\"description\":\"Parim elektrirataste elektrit\u00f5ukside ja \u00fcksrataste pood ja remont\",\"publisher\":{\"@id\":\"https:\\\/\\\/voltride.com\\\/fi\\\/#organization\"},\"alternateName\":\"Vr\",\"potentialAction\":[{\"@type\":\"SearchAction\",\"target\":{\"@type\":\"EntryPoint\",\"urlTemplate\":\"https:\\\/\\\/voltride.com\\\/fi\\\/?s={search_term_string}\"},\"query-input\":{\"@type\":\"PropertyValueSpecification\",\"valueRequired\":true,\"valueName\":\"search_term_string\"}}],\"inLanguage\":\"fi\"},{\"@type\":[\"Organization\",\"Place\"],\"@id\":\"https:\\\/\\\/voltride.com\\\/fi\\\/#organization\",\"name\":\"Voltride\",\"alternateName\":\"VR\",\"url\":\"https:\\\/\\\/voltride.com\\\/fi\\\/\",\"logo\":{\"@id\":\"https:\\\/\\\/voltride.com\\\/fi\\\/polkupyorakori-easy-square-pikalukituksella\\\/#local-main-organization-logo\"},\"image\":{\"@id\":\"https:\\\/\\\/voltride.com\\\/fi\\\/polkupyorakori-easy-square-pikalukituksella\\\/#local-main-organization-logo\"},\"sameAs\":[\"https:\\\/\\\/www.facebook.com\\\/voltridecom\\\/\"],\"legalName\":\"Voltride O\u00dc\",\"numberOfEmployees\":{\"@type\":\"QuantitativeValue\",\"minValue\":\"1\",\"maxValue\":\"10\"},\"ownershipFundingInfo\":\"https:\\\/\\\/voltride.com\\\/about-us\\\/\",\"hasMerchantReturnPolicy\":{\"@type\":\"MerchantReturnPolicy\",\"merchantReturnLink\":\"https:\\\/\\\/voltride.com\\\/shipping-and-returns\\\/\"},\"address\":{\"@id\":\"https:\\\/\\\/voltride.com\\\/fi\\\/polkupyorakori-easy-square-pikalukituksella\\\/#local-main-place-address\"},\"geo\":{\"@type\":\"GeoCoordinates\",\"latitude\":\"59.439554\",\"longitude\":\"24.726644\"},\"telephone\":[\"+372 600 40 99\"],\"contactPoint\":{\"@type\":\"ContactPoint\",\"telephone\":\"+372 600 40 99\",\"email\":\"info@voltride.com\"},\"openingHoursSpecification\":[{\"@type\":\"OpeningHoursSpecification\",\"dayOfWeek\":[\"Monday\",\"Tuesday\",\"Wednesday\",\"Thursday\",\"Friday\"],\"opens\":\"10:00\",\"closes\":\"18:00\"},{\"@type\":\"OpeningHoursSpecification\",\"dayOfWeek\":[\"Saturday\",\"Sunday\"],\"opens\":\"00:00\",\"closes\":\"00:00\"}],\"email\":\"info@voltride.com\",\"taxID\":\"14871968\"},{\"@type\":\"PostalAddress\",\"@id\":\"https:\\\/\\\/voltride.com\\\/fi\\\/polkupyorakori-easy-square-pikalukituksella\\\/#local-main-place-address\",\"streetAddress\":\"Voltride Telliskivi 57D\",\"addressLocality\":\"Tallinn\",\"postalCode\":\"10412\",\"addressRegion\":\"Tallinn\",\"addressCountry\":\"EE\"},{\"@type\":\"ImageObject\",\"inLanguage\":\"fi\",\"@id\":\"https:\\\/\\\/voltride.com\\\/fi\\\/polkupyorakori-easy-square-pikalukituksella\\\/#local-main-organization-logo\",\"url\":\"https:\\\/\\\/voltride.com\\\/wp-content\\\/uploads\\\/voltride-logo.png\",\"contentUrl\":\"https:\\\/\\\/voltride.com\\\/wp-content\\\/uploads\\\/voltride-logo.png\",\"width\":2481,\"height\":620,\"caption\":\"Voltride\"}]}<\/script>\n<meta property=\"product:price:amount\" content=\"16.12\" \/>\n<meta property=\"product:price:currency\" content=\"EUR\" \/>\n<meta property=\"og:availability\" content=\"instock\" \/>\n<meta property=\"product:availability\" content=\"instock\" \/>\n<meta property=\"product:retailer_item_id\" content=\"EABG002\" \/>\n<meta property=\"product:condition\" content=\"new\" \/>\n<meta name=\"geo.placename\" content=\"Tallinn\" \/>\n<meta name=\"geo.position\" content=\"59.439554;24.726644\" \/>\n<meta name=\"geo.region\" content=\"Viro\" \/>\n<!-- \/ Yoast SEO Premium plugin. -->","yoast_head_json":{"title":"Polkupy\u00f6r\u00e4kori Easy Square pikalukituksella | Voltride","robots":{"index":"index","follow":"follow","max-snippet":"max-snippet:-1","max-image-preview":"max-image-preview:large","max-video-preview":"max-video-preview:-1"},"canonical":"https:\/\/voltride.com\/fi\/polkupyorakori-easy-square-pikalukituksella\/","og_locale":"fi_FI","og_type":"article","og_title":"Polkupy\u00f6r\u00e4kori Easy Square pikalukituksella | Voltride","og_description":"[vc_row][vc_column][vc_column_text woodmart_inline=&#8221;no&#8221; text_larger=&#8221;no&#8221;]Easy Square polkupy\u00f6r\u00e4kori on k\u00e4yt\u00e4nn\u00f6llinen ja kevyt etukori p\u00e4ivitt\u00e4iseen k\u00e4ytt\u00f6\u00f6n. Pikalukitusj\u00e4rjestelm\u00e4n ansiosta kori on helppo kiinnitt\u00e4\u00e4 ja irrottaa","og_url":"https:\/\/voltride.com\/fi\/polkupyorakori-easy-square-pikalukituksella\/","og_site_name":"Voltride","article_publisher":"https:\/\/www.facebook.com\/voltridecom\/","article_modified_time":"2026-04-17T13:41:33+00:00","og_image":[{"width":400,"height":400,"url":"https:\/\/voltride.com\/wp-content\/uploads\/2026\/04\/eabg002.jpg","type":"image\/jpeg"}],"twitter_card":"summary_large_image","schema":{"@context":"https:\/\/schema.org","@graph":[{"@type":"WebPage","@id":"https:\/\/voltride.com\/fi\/polkupyorakori-easy-square-pikalukituksella\/","url":"https:\/\/voltride.com\/fi\/polkupyorakori-easy-square-pikalukituksella\/","name":"Polkupy\u00f6r\u00e4kori Easy Square pikalukituksella | Voltride","isPartOf":{"@id":"https:\/\/voltride.com\/fi\/#website"},"primaryImageOfPage":{"@id":"https:\/\/voltride.com\/fi\/polkupyorakori-easy-square-pikalukituksella\/#primaryimage"},"image":{"@id":"https:\/\/voltride.com\/fi\/polkupyorakori-easy-square-pikalukituksella\/#primaryimage"},"thumbnailUrl":"https:\/\/voltride.com\/wp-content\/uploads\/2026\/04\/eabg002.jpg","datePublished":"2026-04-17T11:01:05+00:00","dateModified":"2026-04-17T13:41:33+00:00","breadcrumb":{"@id":"https:\/\/voltride.com\/fi\/polkupyorakori-easy-square-pikalukituksella\/#breadcrumb"},"inLanguage":"fi","potentialAction":[{"@type":"ReadAction","target":["https:\/\/voltride.com\/fi\/polkupyorakori-easy-square-pikalukituksella\/"]}]},{"@type":"ImageObject","inLanguage":"fi","@id":"https:\/\/voltride.com\/fi\/polkupyorakori-easy-square-pikalukituksella\/#primaryimage","url":"https:\/\/voltride.com\/wp-content\/uploads\/2026\/04\/eabg002.jpg","contentUrl":"https:\/\/voltride.com\/wp-content\/uploads\/2026\/04\/eabg002.jpg","width":400,"height":400},{"@type":"BreadcrumbList","@id":"https:\/\/voltride.com\/fi\/polkupyorakori-easy-square-pikalukituksella\/#breadcrumb","itemListElement":[{"@type":"ListItem","position":1,"name":"Etusivu","item":"https:\/\/voltride.com\/fi\/"},{"@type":"ListItem","position":2,"name":"Kauppa","item":"https:\/\/voltride.com\/shop\/"},{"@type":"ListItem","position":3,"name":"Lis\u00e4tarvikkeet","item":"https:\/\/voltride.com\/fi\/lisatarvikkeet\/"},{"@type":"ListItem","position":4,"name":"Korit ja Tavaratelineet","item":"https:\/\/voltride.com\/fi\/korit-ja-tavaratelineet\/"},{"@type":"ListItem","position":5,"name":"Polkupy\u00f6r\u00e4kori Easy Square pikalukituksella"}]},{"@type":"WebSite","@id":"https:\/\/voltride.com\/fi\/#website","url":"https:\/\/voltride.com\/fi\/","name":"Voltride","description":"Parim elektrirataste elektrit\u00f5ukside ja \u00fcksrataste pood ja remont","publisher":{"@id":"https:\/\/voltride.com\/fi\/#organization"},"alternateName":"Vr","potentialAction":[{"@type":"SearchAction","target":{"@type":"EntryPoint","urlTemplate":"https:\/\/voltride.com\/fi\/?s={search_term_string}"},"query-input":{"@type":"PropertyValueSpecification","valueRequired":true,"valueName":"search_term_string"}}],"inLanguage":"fi"},{"@type":["Organization","Place"],"@id":"https:\/\/voltride.com\/fi\/#organization","name":"Voltride","alternateName":"VR","url":"https:\/\/voltride.com\/fi\/","logo":{"@id":"https:\/\/voltride.com\/fi\/polkupyorakori-easy-square-pikalukituksella\/#local-main-organization-logo"},"image":{"@id":"https:\/\/voltride.com\/fi\/polkupyorakori-easy-square-pikalukituksella\/#local-main-organization-logo"},"sameAs":["https:\/\/www.facebook.com\/voltridecom\/"],"legalName":"Voltride O\u00dc","numberOfEmployees":{"@type":"QuantitativeValue","minValue":"1","maxValue":"10"},"ownershipFundingInfo":"https:\/\/voltride.com\/about-us\/","hasMerchantReturnPolicy":{"@type":"MerchantReturnPolicy","merchantReturnLink":"https:\/\/voltride.com\/shipping-and-returns\/"},"address":{"@id":"https:\/\/voltride.com\/fi\/polkupyorakori-easy-square-pikalukituksella\/#local-main-place-address"},"geo":{"@type":"GeoCoordinates","latitude":"59.439554","longitude":"24.726644"},"telephone":["+372 600 40 99"],"contactPoint":{"@type":"ContactPoint","telephone":"+372 600 40 99","email":"info@voltride.com"},"openingHoursSpecification":[{"@type":"OpeningHoursSpecification","dayOfWeek":["Monday","Tuesday","Wednesday","Thursday","Friday"],"opens":"10:00","closes":"18:00"},{"@type":"OpeningHoursSpecification","dayOfWeek":["Saturday","Sunday"],"opens":"00:00","closes":"00:00"}],"email":"info@voltride.com","taxID":"14871968"},{"@type":"PostalAddress","@id":"https:\/\/voltride.com\/fi\/polkupyorakori-easy-square-pikalukituksella\/#local-main-place-address","streetAddress":"Voltride Telliskivi 57D","addressLocality":"Tallinn","postalCode":"10412","addressRegion":"Tallinn","addressCountry":"EE"},{"@type":"ImageObject","inLanguage":"fi","@id":"https:\/\/voltride.com\/fi\/polkupyorakori-easy-square-pikalukituksella\/#local-main-organization-logo","url":"https:\/\/voltride.com\/wp-content\/uploads\/voltride-logo.png","contentUrl":"https:\/\/voltride.com\/wp-content\/uploads\/voltride-logo.png","width":2481,"height":620,"caption":"Voltride"}]},"product_price_amount":"16.12","product_price_currency":"EUR","og_availability":"instock","product_availability":"instock","product_retailer_item_id":"EABG002","product_condition":"new","geo.placename":"Tallinn","geo.position":{"lat":"59.439554","long":"24.726644"},"geo.region":"Viro"},"_links":{"self":[{"href":"https:\/\/voltride.com\/fi\/wp-json\/wp\/v2\/product\/24550","targetHints":{"allow":["GET"]}}],"collection":[{"href":"https:\/\/voltride.com\/fi\/wp-json\/wp\/v2\/product"}],"about":[{"href":"https:\/\/voltride.com\/fi\/wp-json\/wp\/v2\/types\/product"}],"replies":[{"embeddable":true,"href":"https:\/\/voltride.com\/fi\/wp-json\/wp\/v2\/comments?post=24550"}],"wp:featuredmedia":[{"embeddable":true,"href":"https:\/\/voltride.com\/fi\/wp-json\/wp\/v2\/media\/24549"}],"wp:attachment":[{"href":"https:\/\/voltride.com\/fi\/wp-json\/wp\/v2\/media?parent=24550"}],"wp:term":[{"taxonomy":"product_brand","embeddable":true,"href":"https:\/\/voltride.com\/fi\/wp-json\/wp\/v2\/product_brand?post=24550"},{"taxonomy":"product_cat","embeddable":true,"href":"https:\/\/voltride.com\/fi\/wp-json\/wp\/v2\/product_cat?post=24550"},{"taxonomy":"product_tag","embeddable":true,"href":"https:\/\/voltride.com\/fi\/wp-json\/wp\/v2\/product_tag?post=24550"}],"curies":[{"name":"wp","href":"https:\/\/api.w.org\/{rel}","templated":true}]}}