{"id":24567,"date":"2026-04-17T13:01:07","date_gmt":"2026-04-17T11:01:07","guid":{"rendered":"https:\/\/voltride.com\/yleismallinen-pullotelineen-kiinnitysjarjestelma-zefal-gizmo\/"},"modified":"2026-04-21T10:39:29","modified_gmt":"2026-04-21T08:39:29","slug":"yleismallinen-pullotelineen-kiinnitysjarjestelma-zefal-gizmo","status":"publish","type":"product","link":"https:\/\/voltride.com\/fi\/yleismallinen-pullotelineen-kiinnitysjarjestelma-zefal-gizmo\/","title":{"rendered":"Yleismallinen pullotelineen kiinnitysj\u00e4rjestelm\u00e4 Zefal Gizmo"},"content":{"rendered":"<div class=\"wpb-content-wrapper\"><p>[vc_row][vc_column][vc_column_text css=&#8221;&#8221; woodmart_inline=&#8221;no&#8221; text_larger=&#8221;no&#8221;]<\/p>\n<h2>Yleisk\u00e4ytt\u00f6inen pullotelineen kiinnitysj\u00e4rjestelm\u00e4 Zefal Gizmo<\/h2>\n<p>Zefal Gizmo on monipuolinen yleisadapteri, jonka avulla voit kiinnitt\u00e4\u00e4 pullotelineen tai muita tarvikkeita l\u00e4hes mihin tahansa py\u00f6r\u00e4ss\u00e4si. S\u00e4\u00e4dett\u00e4v\u00e4t kiinnikkeet ja pehme\u00e4 hihna takaavat tukevan ja varman kiinnityksen sek\u00e4 suojaavat runkoa naarmuilta.<\/p>\n<p>T\u00e4ydellinen py\u00f6riin, joissa ei ole valmiita kiinnityspisteit\u00e4 \u2013 Gizmon voi asentaa <strong>runkoon, etuhaarukkaan, ohjainkannattimeen, ohjaustankoon tai satulatolppaan<\/strong>. Yleismalli sopii kaikkiin putkiin, joiden halkaisija on <strong>15\u201375 mm<\/strong>, ja toimii sek\u00e4 tavallisissa py\u00f6riss\u00e4 ett\u00e4 s\u00e4hk\u00f6py\u00f6riss\u00e4.<\/p>\n<p>Valmistettu kest\u00e4vist\u00e4 materiaaleista (<strong>polypropeeni, termoplastinen elastomeeri, ter\u00e4spultit ja -mutterit<\/strong>), Gizmo tarjoaa vahvan, pit\u00e4v\u00e4n otteen ja lis\u00e4\u00e4 suojaa py\u00f6r\u00e4llesi.<\/p>\n<p><strong>Ominaisuudet:<\/strong><\/p>\n<ul>\n<li>Yleissopivuus 15\u201375 mm putkien halkaisijalle<\/li>\n<li>Luo uusia kiinnityspisteit\u00e4 pullotelineille tai tarvikkeille<\/li>\n<li>Pehme\u00e4 hihna est\u00e4\u00e4 liukumista ja suojaa runkoa<\/li>\n<li>Sopii tavallisiin py\u00f6riin ja s\u00e4hk\u00f6py\u00f6riin<\/li>\n<li>Materiaali: polypropeeni, termoplastinen elastomeeri, ter\u00e4spultit ja -mutterit<\/li>\n<\/ul>\n<p>Yksinkertainen ja k\u00e4yt\u00e4nn\u00f6llinen ratkaisu py\u00f6r\u00e4ilij\u00f6ille, jotka tarvitsevat joustavan ja luotettavan tavan kiinnitt\u00e4\u00e4 tarvikkeita.[\/vc_column_text][\/vc_column][\/vc_row]<\/p>\n<\/div>","protected":false},"excerpt":{"rendered":"<p>[vc_row][vc_column][vc_column_text css=&#8221;&#8221; woodmart_inline=&#8221;no&#8221; text_larger=&#8221;no&#8221;] Yleisk\u00e4ytt\u00f6inen pullotelineen kiinnitysj\u00e4rjestelm\u00e4 Zefal Gizmo Zefal Gizmo on monipuolinen yleisadapteri, jonka avulla voit kiinnitt\u00e4\u00e4 pullotelineen tai<\/p>\n","protected":false},"featured_media":24566,"comment_status":"open","ping_status":"closed","template":"","meta":[],"product_brand":[],"product_cat":[713],"product_tag":[],"class_list":{"0":"post-24567","1":"product","2":"type-product","3":"status-publish","4":"has-post-thumbnail","6":"product_cat-muut-lisavarusteet","8":"first","9":"instock","10":"taxable","11":"shipping-taxable","12":"purchasable","13":"product-type-simple"},"yoast_head":"<!-- This site is optimized with the Yoast SEO Premium plugin v27.3 (Yoast SEO v27.4) - https:\/\/yoast.com\/product\/yoast-seo-premium-wordpress\/ -->\n<title>Yleismallinen pullotelineen kiinnitysj\u00e4rjestelm\u00e4 Zefal Gizmo | Voltride<\/title>\n<meta name=\"robots\" content=\"index, follow, max-snippet:-1, max-image-preview:large, max-video-preview:-1\" \/>\n<link rel=\"canonical\" href=\"https:\/\/voltride.com\/fi\/yleismallinen-pullotelineen-kiinnitysjarjestelma-zefal-gizmo\/\" \/>\n<meta property=\"og:locale\" content=\"fi_FI\" \/>\n<meta property=\"og:type\" content=\"article\" \/>\n<meta property=\"og:title\" content=\"Yleismallinen pullotelineen kiinnitysj\u00e4rjestelm\u00e4 Zefal Gizmo | Voltride\" \/>\n<meta property=\"og:description\" content=\"[vc_row][vc_column][vc_column_text css=&#8221;&#8221; woodmart_inline=&#8221;no&#8221; text_larger=&#8221;no&#8221;] Yleisk\u00e4ytt\u00f6inen pullotelineen kiinnitysj\u00e4rjestelm\u00e4 Zefal Gizmo Zefal Gizmo on monipuolinen yleisadapteri, jonka avulla voit kiinnitt\u00e4\u00e4 pullotelineen tai\" \/>\n<meta property=\"og:url\" content=\"https:\/\/voltride.com\/fi\/yleismallinen-pullotelineen-kiinnitysjarjestelma-zefal-gizmo\/\" \/>\n<meta property=\"og:site_name\" content=\"Voltride\" \/>\n<meta property=\"article:publisher\" content=\"https:\/\/www.facebook.com\/voltridecom\/\" \/>\n<meta property=\"article:modified_time\" content=\"2026-04-21T08:39:29+00:00\" \/>\n<meta property=\"og:image\" content=\"https:\/\/voltride.com\/wp-content\/uploads\/2026\/04\/zfbg003.png\" \/>\n\t<meta property=\"og:image:width\" content=\"958\" \/>\n\t<meta property=\"og:image:height\" content=\"884\" \/>\n\t<meta property=\"og:image:type\" content=\"image\/png\" \/>\n<meta name=\"twitter:card\" content=\"summary_large_image\" \/>\n<script type=\"application\/ld+json\" class=\"yoast-schema-graph\">{\"@context\":\"https:\\\/\\\/schema.org\",\"@graph\":[{\"@type\":\"WebPage\",\"@id\":\"https:\\\/\\\/voltride.com\\\/fi\\\/yleismallinen-pullotelineen-kiinnitysjarjestelma-zefal-gizmo\\\/\",\"url\":\"https:\\\/\\\/voltride.com\\\/fi\\\/yleismallinen-pullotelineen-kiinnitysjarjestelma-zefal-gizmo\\\/\",\"name\":\"Yleismallinen pullotelineen kiinnitysj\u00e4rjestelm\u00e4 Zefal Gizmo | Voltride\",\"isPartOf\":{\"@id\":\"https:\\\/\\\/voltride.com\\\/fi\\\/#website\"},\"primaryImageOfPage\":{\"@id\":\"https:\\\/\\\/voltride.com\\\/fi\\\/yleismallinen-pullotelineen-kiinnitysjarjestelma-zefal-gizmo\\\/#primaryimage\"},\"image\":{\"@id\":\"https:\\\/\\\/voltride.com\\\/fi\\\/yleismallinen-pullotelineen-kiinnitysjarjestelma-zefal-gizmo\\\/#primaryimage\"},\"thumbnailUrl\":\"https:\\\/\\\/voltride.com\\\/wp-content\\\/uploads\\\/2026\\\/04\\\/zfbg003.png\",\"datePublished\":\"2026-04-17T11:01:07+00:00\",\"dateModified\":\"2026-04-21T08:39:29+00:00\",\"breadcrumb\":{\"@id\":\"https:\\\/\\\/voltride.com\\\/fi\\\/yleismallinen-pullotelineen-kiinnitysjarjestelma-zefal-gizmo\\\/#breadcrumb\"},\"inLanguage\":\"fi\",\"potentialAction\":[{\"@type\":\"ReadAction\",\"target\":[\"https:\\\/\\\/voltride.com\\\/fi\\\/yleismallinen-pullotelineen-kiinnitysjarjestelma-zefal-gizmo\\\/\"]}]},{\"@type\":\"ImageObject\",\"inLanguage\":\"fi\",\"@id\":\"https:\\\/\\\/voltride.com\\\/fi\\\/yleismallinen-pullotelineen-kiinnitysjarjestelma-zefal-gizmo\\\/#primaryimage\",\"url\":\"https:\\\/\\\/voltride.com\\\/wp-content\\\/uploads\\\/2026\\\/04\\\/zfbg003.png\",\"contentUrl\":\"https:\\\/\\\/voltride.com\\\/wp-content\\\/uploads\\\/2026\\\/04\\\/zfbg003.png\",\"width\":958,\"height\":884},{\"@type\":\"BreadcrumbList\",\"@id\":\"https:\\\/\\\/voltride.com\\\/fi\\\/yleismallinen-pullotelineen-kiinnitysjarjestelma-zefal-gizmo\\\/#breadcrumb\",\"itemListElement\":[{\"@type\":\"ListItem\",\"position\":1,\"name\":\"Etusivu\",\"item\":\"https:\\\/\\\/voltride.com\\\/fi\\\/\"},{\"@type\":\"ListItem\",\"position\":2,\"name\":\"Kauppa\",\"item\":\"https:\\\/\\\/voltride.com\\\/shop\\\/\"},{\"@type\":\"ListItem\",\"position\":3,\"name\":\"Lis\u00e4tarvikkeet\",\"item\":\"https:\\\/\\\/voltride.com\\\/fi\\\/lisatarvikkeet\\\/\"},{\"@type\":\"ListItem\",\"position\":4,\"name\":\"Muut lis\u00e4varusteet\",\"item\":\"https:\\\/\\\/voltride.com\\\/fi\\\/muut-lisavarusteet\\\/\"},{\"@type\":\"ListItem\",\"position\":5,\"name\":\"Yleismallinen pullotelineen kiinnitysj\u00e4rjestelm\u00e4 Zefal Gizmo\"}]},{\"@type\":\"WebSite\",\"@id\":\"https:\\\/\\\/voltride.com\\\/fi\\\/#website\",\"url\":\"https:\\\/\\\/voltride.com\\\/fi\\\/\",\"name\":\"Voltride\",\"description\":\"Parim elektrirataste elektrit\u00f5ukside ja \u00fcksrataste pood ja remont\",\"publisher\":{\"@id\":\"https:\\\/\\\/voltride.com\\\/fi\\\/#organization\"},\"alternateName\":\"Vr\",\"potentialAction\":[{\"@type\":\"SearchAction\",\"target\":{\"@type\":\"EntryPoint\",\"urlTemplate\":\"https:\\\/\\\/voltride.com\\\/fi\\\/?s={search_term_string}\"},\"query-input\":{\"@type\":\"PropertyValueSpecification\",\"valueRequired\":true,\"valueName\":\"search_term_string\"}}],\"inLanguage\":\"fi\"},{\"@type\":[\"Organization\",\"Place\"],\"@id\":\"https:\\\/\\\/voltride.com\\\/fi\\\/#organization\",\"name\":\"Voltride\",\"alternateName\":\"VR\",\"url\":\"https:\\\/\\\/voltride.com\\\/fi\\\/\",\"logo\":{\"@id\":\"https:\\\/\\\/voltride.com\\\/fi\\\/yleismallinen-pullotelineen-kiinnitysjarjestelma-zefal-gizmo\\\/#local-main-organization-logo\"},\"image\":{\"@id\":\"https:\\\/\\\/voltride.com\\\/fi\\\/yleismallinen-pullotelineen-kiinnitysjarjestelma-zefal-gizmo\\\/#local-main-organization-logo\"},\"sameAs\":[\"https:\\\/\\\/www.facebook.com\\\/voltridecom\\\/\"],\"legalName\":\"Voltride O\u00dc\",\"numberOfEmployees\":{\"@type\":\"QuantitativeValue\",\"minValue\":\"1\",\"maxValue\":\"10\"},\"ownershipFundingInfo\":\"https:\\\/\\\/voltride.com\\\/about-us\\\/\",\"hasMerchantReturnPolicy\":{\"@type\":\"MerchantReturnPolicy\",\"merchantReturnLink\":\"https:\\\/\\\/voltride.com\\\/shipping-and-returns\\\/\"},\"address\":{\"@id\":\"https:\\\/\\\/voltride.com\\\/fi\\\/yleismallinen-pullotelineen-kiinnitysjarjestelma-zefal-gizmo\\\/#local-main-place-address\"},\"geo\":{\"@type\":\"GeoCoordinates\",\"latitude\":\"59.439554\",\"longitude\":\"24.726644\"},\"telephone\":[\"+372 600 40 99\"],\"contactPoint\":{\"@type\":\"ContactPoint\",\"telephone\":\"+372 600 40 99\",\"email\":\"info@voltride.com\"},\"openingHoursSpecification\":[{\"@type\":\"OpeningHoursSpecification\",\"dayOfWeek\":[\"Monday\",\"Tuesday\",\"Wednesday\",\"Thursday\",\"Friday\"],\"opens\":\"10:00\",\"closes\":\"18:00\"},{\"@type\":\"OpeningHoursSpecification\",\"dayOfWeek\":[\"Saturday\",\"Sunday\"],\"opens\":\"00:00\",\"closes\":\"00:00\"}],\"email\":\"info@voltride.com\",\"taxID\":\"14871968\"},{\"@type\":\"PostalAddress\",\"@id\":\"https:\\\/\\\/voltride.com\\\/fi\\\/yleismallinen-pullotelineen-kiinnitysjarjestelma-zefal-gizmo\\\/#local-main-place-address\",\"streetAddress\":\"Voltride Telliskivi 57D\",\"addressLocality\":\"Tallinn\",\"postalCode\":\"10412\",\"addressRegion\":\"Tallinn\",\"addressCountry\":\"EE\"},{\"@type\":\"ImageObject\",\"inLanguage\":\"fi\",\"@id\":\"https:\\\/\\\/voltride.com\\\/fi\\\/yleismallinen-pullotelineen-kiinnitysjarjestelma-zefal-gizmo\\\/#local-main-organization-logo\",\"url\":\"https:\\\/\\\/voltride.com\\\/wp-content\\\/uploads\\\/voltride-logo.png\",\"contentUrl\":\"https:\\\/\\\/voltride.com\\\/wp-content\\\/uploads\\\/voltride-logo.png\",\"width\":2481,\"height\":620,\"caption\":\"Voltride\"}]}<\/script>\n<meta property=\"product:price:amount\" content=\"8.86\" \/>\n<meta property=\"product:price:currency\" content=\"EUR\" \/>\n<meta property=\"og:availability\" content=\"instock\" \/>\n<meta property=\"product:availability\" content=\"instock\" \/>\n<meta property=\"product:retailer_item_id\" content=\"ZFBG003\" \/>\n<meta property=\"product:condition\" content=\"new\" \/>\n<meta name=\"geo.placename\" content=\"Tallinn\" \/>\n<meta name=\"geo.position\" content=\"59.439554;24.726644\" \/>\n<meta name=\"geo.region\" content=\"Viro\" \/>\n<!-- \/ Yoast SEO Premium plugin. -->","yoast_head_json":{"title":"Yleismallinen pullotelineen kiinnitysj\u00e4rjestelm\u00e4 Zefal Gizmo | Voltride","robots":{"index":"index","follow":"follow","max-snippet":"max-snippet:-1","max-image-preview":"max-image-preview:large","max-video-preview":"max-video-preview:-1"},"canonical":"https:\/\/voltride.com\/fi\/yleismallinen-pullotelineen-kiinnitysjarjestelma-zefal-gizmo\/","og_locale":"fi_FI","og_type":"article","og_title":"Yleismallinen pullotelineen kiinnitysj\u00e4rjestelm\u00e4 Zefal Gizmo | Voltride","og_description":"[vc_row][vc_column][vc_column_text css=&#8221;&#8221; woodmart_inline=&#8221;no&#8221; text_larger=&#8221;no&#8221;] Yleisk\u00e4ytt\u00f6inen pullotelineen kiinnitysj\u00e4rjestelm\u00e4 Zefal Gizmo Zefal Gizmo on monipuolinen yleisadapteri, jonka avulla voit kiinnitt\u00e4\u00e4 pullotelineen tai","og_url":"https:\/\/voltride.com\/fi\/yleismallinen-pullotelineen-kiinnitysjarjestelma-zefal-gizmo\/","og_site_name":"Voltride","article_publisher":"https:\/\/www.facebook.com\/voltridecom\/","article_modified_time":"2026-04-21T08:39:29+00:00","og_image":[{"width":958,"height":884,"url":"https:\/\/voltride.com\/wp-content\/uploads\/2026\/04\/zfbg003.png","type":"image\/png"}],"twitter_card":"summary_large_image","schema":{"@context":"https:\/\/schema.org","@graph":[{"@type":"WebPage","@id":"https:\/\/voltride.com\/fi\/yleismallinen-pullotelineen-kiinnitysjarjestelma-zefal-gizmo\/","url":"https:\/\/voltride.com\/fi\/yleismallinen-pullotelineen-kiinnitysjarjestelma-zefal-gizmo\/","name":"Yleismallinen pullotelineen kiinnitysj\u00e4rjestelm\u00e4 Zefal Gizmo | Voltride","isPartOf":{"@id":"https:\/\/voltride.com\/fi\/#website"},"primaryImageOfPage":{"@id":"https:\/\/voltride.com\/fi\/yleismallinen-pullotelineen-kiinnitysjarjestelma-zefal-gizmo\/#primaryimage"},"image":{"@id":"https:\/\/voltride.com\/fi\/yleismallinen-pullotelineen-kiinnitysjarjestelma-zefal-gizmo\/#primaryimage"},"thumbnailUrl":"https:\/\/voltride.com\/wp-content\/uploads\/2026\/04\/zfbg003.png","datePublished":"2026-04-17T11:01:07+00:00","dateModified":"2026-04-21T08:39:29+00:00","breadcrumb":{"@id":"https:\/\/voltride.com\/fi\/yleismallinen-pullotelineen-kiinnitysjarjestelma-zefal-gizmo\/#breadcrumb"},"inLanguage":"fi","potentialAction":[{"@type":"ReadAction","target":["https:\/\/voltride.com\/fi\/yleismallinen-pullotelineen-kiinnitysjarjestelma-zefal-gizmo\/"]}]},{"@type":"ImageObject","inLanguage":"fi","@id":"https:\/\/voltride.com\/fi\/yleismallinen-pullotelineen-kiinnitysjarjestelma-zefal-gizmo\/#primaryimage","url":"https:\/\/voltride.com\/wp-content\/uploads\/2026\/04\/zfbg003.png","contentUrl":"https:\/\/voltride.com\/wp-content\/uploads\/2026\/04\/zfbg003.png","width":958,"height":884},{"@type":"BreadcrumbList","@id":"https:\/\/voltride.com\/fi\/yleismallinen-pullotelineen-kiinnitysjarjestelma-zefal-gizmo\/#breadcrumb","itemListElement":[{"@type":"ListItem","position":1,"name":"Etusivu","item":"https:\/\/voltride.com\/fi\/"},{"@type":"ListItem","position":2,"name":"Kauppa","item":"https:\/\/voltride.com\/shop\/"},{"@type":"ListItem","position":3,"name":"Lis\u00e4tarvikkeet","item":"https:\/\/voltride.com\/fi\/lisatarvikkeet\/"},{"@type":"ListItem","position":4,"name":"Muut lis\u00e4varusteet","item":"https:\/\/voltride.com\/fi\/muut-lisavarusteet\/"},{"@type":"ListItem","position":5,"name":"Yleismallinen pullotelineen kiinnitysj\u00e4rjestelm\u00e4 Zefal Gizmo"}]},{"@type":"WebSite","@id":"https:\/\/voltride.com\/fi\/#website","url":"https:\/\/voltride.com\/fi\/","name":"Voltride","description":"Parim elektrirataste elektrit\u00f5ukside ja \u00fcksrataste pood ja remont","publisher":{"@id":"https:\/\/voltride.com\/fi\/#organization"},"alternateName":"Vr","potentialAction":[{"@type":"SearchAction","target":{"@type":"EntryPoint","urlTemplate":"https:\/\/voltride.com\/fi\/?s={search_term_string}"},"query-input":{"@type":"PropertyValueSpecification","valueRequired":true,"valueName":"search_term_string"}}],"inLanguage":"fi"},{"@type":["Organization","Place"],"@id":"https:\/\/voltride.com\/fi\/#organization","name":"Voltride","alternateName":"VR","url":"https:\/\/voltride.com\/fi\/","logo":{"@id":"https:\/\/voltride.com\/fi\/yleismallinen-pullotelineen-kiinnitysjarjestelma-zefal-gizmo\/#local-main-organization-logo"},"image":{"@id":"https:\/\/voltride.com\/fi\/yleismallinen-pullotelineen-kiinnitysjarjestelma-zefal-gizmo\/#local-main-organization-logo"},"sameAs":["https:\/\/www.facebook.com\/voltridecom\/"],"legalName":"Voltride O\u00dc","numberOfEmployees":{"@type":"QuantitativeValue","minValue":"1","maxValue":"10"},"ownershipFundingInfo":"https:\/\/voltride.com\/about-us\/","hasMerchantReturnPolicy":{"@type":"MerchantReturnPolicy","merchantReturnLink":"https:\/\/voltride.com\/shipping-and-returns\/"},"address":{"@id":"https:\/\/voltride.com\/fi\/yleismallinen-pullotelineen-kiinnitysjarjestelma-zefal-gizmo\/#local-main-place-address"},"geo":{"@type":"GeoCoordinates","latitude":"59.439554","longitude":"24.726644"},"telephone":["+372 600 40 99"],"contactPoint":{"@type":"ContactPoint","telephone":"+372 600 40 99","email":"info@voltride.com"},"openingHoursSpecification":[{"@type":"OpeningHoursSpecification","dayOfWeek":["Monday","Tuesday","Wednesday","Thursday","Friday"],"opens":"10:00","closes":"18:00"},{"@type":"OpeningHoursSpecification","dayOfWeek":["Saturday","Sunday"],"opens":"00:00","closes":"00:00"}],"email":"info@voltride.com","taxID":"14871968"},{"@type":"PostalAddress","@id":"https:\/\/voltride.com\/fi\/yleismallinen-pullotelineen-kiinnitysjarjestelma-zefal-gizmo\/#local-main-place-address","streetAddress":"Voltride Telliskivi 57D","addressLocality":"Tallinn","postalCode":"10412","addressRegion":"Tallinn","addressCountry":"EE"},{"@type":"ImageObject","inLanguage":"fi","@id":"https:\/\/voltride.com\/fi\/yleismallinen-pullotelineen-kiinnitysjarjestelma-zefal-gizmo\/#local-main-organization-logo","url":"https:\/\/voltride.com\/wp-content\/uploads\/voltride-logo.png","contentUrl":"https:\/\/voltride.com\/wp-content\/uploads\/voltride-logo.png","width":2481,"height":620,"caption":"Voltride"}]},"product_price_amount":"8.86","product_price_currency":"EUR","og_availability":"instock","product_availability":"instock","product_retailer_item_id":"ZFBG003","product_condition":"new","geo.placename":"Tallinn","geo.position":{"lat":"59.439554","long":"24.726644"},"geo.region":"Viro"},"_links":{"self":[{"href":"https:\/\/voltride.com\/fi\/wp-json\/wp\/v2\/product\/24567","targetHints":{"allow":["GET"]}}],"collection":[{"href":"https:\/\/voltride.com\/fi\/wp-json\/wp\/v2\/product"}],"about":[{"href":"https:\/\/voltride.com\/fi\/wp-json\/wp\/v2\/types\/product"}],"replies":[{"embeddable":true,"href":"https:\/\/voltride.com\/fi\/wp-json\/wp\/v2\/comments?post=24567"}],"wp:featuredmedia":[{"embeddable":true,"href":"https:\/\/voltride.com\/fi\/wp-json\/wp\/v2\/media\/24566"}],"wp:attachment":[{"href":"https:\/\/voltride.com\/fi\/wp-json\/wp\/v2\/media?parent=24567"}],"wp:term":[{"taxonomy":"product_brand","embeddable":true,"href":"https:\/\/voltride.com\/fi\/wp-json\/wp\/v2\/product_brand?post=24567"},{"taxonomy":"product_cat","embeddable":true,"href":"https:\/\/voltride.com\/fi\/wp-json\/wp\/v2\/product_cat?post=24567"},{"taxonomy":"product_tag","embeddable":true,"href":"https:\/\/voltride.com\/fi\/wp-json\/wp\/v2\/product_tag?post=24567"}],"curies":[{"name":"wp","href":"https:\/\/api.w.org\/{rel}","templated":true}]}}