{"id":24930,"date":"2026-04-23T11:34:45","date_gmt":"2026-04-23T09:34:45","guid":{"rendered":"https:\/\/voltride.com\/inokim-oxo\/"},"modified":"2026-04-30T15:35:24","modified_gmt":"2026-04-30T13:35:24","slug":"sahkopotkulaudat-inokim-oxo","status":"publish","type":"product","link":"https:\/\/voltride.com\/fi\/sahkopotkulaudat-inokim-oxo\/","title":{"rendered":"Inokim OxO"},"content":{"rendered":"<div class=\"wpb-content-wrapper\"><p>[vc_row css=&#8221;.vc_custom_1738843193265{background-color: #0F3F36 !important;}&#8221; woodmart_css_id=&#8221;67a4a4339c25a&#8221; responsive_spacing=&#8221;eyJwYXJhbV90eXBlIjoid29vZG1hcnRfcmVzcG9uc2l2ZV9zcGFjaW5nIiwic2VsZWN0b3JfaWQiOiI2N2E0YTQzMzljMjVhIiwic2hvcnRjb2RlIjoidmNfcm93IiwiZGF0YSI6eyJ0YWJsZXQiOnt9LCJtb2JpbGUiOnt9fX0=&#8221; mobile_bg_img_hidden=&#8221;no&#8221; tablet_bg_img_hidden=&#8221;no&#8221; woodmart_parallax=&#8221;0&#8243; woodmart_gradient_switch=&#8221;no&#8221; woodmart_box_shadow=&#8221;no&#8221; wd_z_index=&#8221;no&#8221; woodmart_disable_overflow=&#8221;0&#8243; row_reverse_mobile=&#8221;0&#8243; row_reverse_tablet=&#8221;0&#8243; el_id=&#8221;p-description&#8221; el_class=&#8221;product-description&#8221;][vc_column][vc_row_inner equal_height=&#8221;yes&#8221; content_placement=&#8221;middle&#8221; gap=&#8221;30&#8243; woodmart_css_id=&#8221;67ad1bf7ca313&#8243; responsive_spacing=&#8221;eyJwYXJhbV90eXBlIjoid29vZG1hcnRfcmVzcG9uc2l2ZV9zcGFjaW5nIiwic2VsZWN0b3JfaWQiOiI2N2FkMWJmN2NhMzEzIiwic2hvcnRjb2RlIjoidmNfcm93X2lubmVyIiwiZGF0YSI6eyJ0YWJsZXQiOnt9LCJtb2JpbGUiOnt9fX0=&#8221; mobile_bg_img_hidden=&#8221;no&#8221; tablet_bg_img_hidden=&#8221;no&#8221; woodmart_parallax=&#8221;0&#8243; woodmart_gradient_switch=&#8221;no&#8221; woodmart_box_shadow=&#8221;no&#8221; wd_z_index=&#8221;no&#8221; woodmart_disable_overflow=&#8221;0&#8243; row_reverse_mobile=&#8221;1&#8243; row_reverse_tablet=&#8221;0&#8243; el_class=&#8221;first-row inside-dec-row&#8221;][vc_column_inner][vc_column_text css=&#8221;&#8221; woodmart_inline=&#8221;no&#8221; text_larger=&#8221;no&#8221;]<strong>Inokim OxO<\/strong> on edelt\u00e4j\u00e4ns\u00e4 Inokim Ox Superin j\u00e4re\u00e4mpi versio. OxOssa yhdistyv\u00e4t n\u00e4ytt\u00e4v\u00e4 muotoilu, korkea huippunopeus, laadukas jousitus ja pitk\u00e4 toimintas\u00e4de. Kaksi 1000Wn harjatonta moottoria tarjoavat tehoa selviyty\u00e4 jyrkist\u00e4 nousuista ja ep\u00e4tasaisesta maastosta. 32kg painoinen runko sek\u00e4 10&#215;2,5 tuuman renkaat tuovat sek\u00e4 k\u00e4yt\u00e4nn\u00f6llisyytt\u00e4 ett\u00e4 tyylikkyytt\u00e4, ja s\u00e4hk\u00f6potkulauta taittuu vaivattomasti kuljetusta varten. Runko on valmistettu kest\u00e4v\u00e4st\u00e4 6061 T6 -alumiiniseoksesta, joka on tunnettu luotettavuudestaan autoteollisuudessa.<\/p>\n<p>OxO on varustettu suuremmalla akulla, tarkemmin sanottuna 60V 25,6 Ah. Suuremmasta akusta huolimatta toimintas\u00e4de pysyy suunnilleen samalla tasolla kuin Ox Superissa, noin 80km. T\u00e4m\u00e4 johtuu suuremmasta tehontarpeesta, joka syntyy kahden moottorin k\u00e4yt\u00f6st\u00e4 yhden sijaan.<br \/>\nErinomainen jousitus ja hydrauliset levyjarrut tekev\u00e4t ajamisesta miellytt\u00e4v\u00e4\u00e4. Suuremmissa nopeuksissa s\u00e4hk\u00f6potkulauta tuntuu vakaalta ja hallitulta. Ep\u00e4tasaisuudet ja kuopat eiv\u00e4t juuri h\u00e4iritse ajotuntumaa.<\/p>\n<p>Jousituksesta lis\u00e4\u00e4: s\u00e4\u00e4dett\u00e4v\u00e4ll\u00e4 jousitusj\u00e4rjestelm\u00e4ll\u00e4 on ainutlaatuinen patentti. J\u00e4rjestelm\u00e4n ansiosta kuljettaja voi s\u00e4\u00e4t\u00e4\u00e4 jousituksen asentoa: korkeampi asetus lis\u00e4\u00e4 joustovaraa ep\u00e4tasaisessa maastossa, matalampi asetus parantaa vakautta ja sopii suurempiin nopeuksiin. Yksipuoliset jousitukset erottuvat muotoilullaan ja v\u00e4rityksell\u00e4\u00e4n.<\/p>\n<p>OxOssa on tyylikk\u00e4\u00e4sti muotoiltu elektroninen kaasu, jossa on LCD-n\u00e4ytt\u00f6. N\u00e4ytt\u00f6 n\u00e4ytt\u00e4\u00e4 ajonopeuden, ajetun matkan, akun varaustason sek\u00e4 muita tietoja, kuten ajotilan, matkamittarin, vakionopeudens\u00e4\u00e4timen, taustavalon ja automaattisen virrankatkaisun.<\/p>\n<p>S\u00e4hk\u00f6potkulaudalla ajaessa tulee aina k\u00e4ytt\u00e4\u00e4 suojavarusteita ja kyp\u00e4r\u00e4\u00e4!<\/p>\n<p>T\u00e4m\u00e4n s\u00e4hk\u00f6potkulaudan huippunopeus on rajoitettu 25 km\/hiin. Lis\u00e4tietoja saat ottamalla yhteytt\u00e4 osoitteeseen <a href=\"mailto:service@voltride.com\">service@voltride.com<\/a><\/p>\n<p><strong><em>Inokim OxO takuu: 2 vuotta rungolle ja 6 kuukautta akulle. Takuu ei kata normaalia kulumista eik\u00e4 veden tai muiden nesteiden aiheuttamia vaurioita.<\/em><\/strong>[\/vc_column_text][\/vc_column_inner][\/vc_row_inner][vc_empty_space height=&#8221;1vw&#8221; woodmart_hide_large=&#8221;0&#8243; woodmart_hide_medium=&#8221;0&#8243; woodmart_hide_small=&#8221;0&#8243;][vc_row_inner el_class=&#8221;product-cta&#8221; woodmart_css_id=&#8221;67ad831e70f64&#8243; responsive_spacing=&#8221;eyJwYXJhbV90eXBlIjoid29vZG1hcnRfcmVzcG9uc2l2ZV9zcGFjaW5nIiwic2VsZWN0b3JfaWQiOiI2N2FkODMxZTcwZjY0Iiwic2hvcnRjb2RlIjoidmNfcm93X2lubmVyIiwiZGF0YSI6eyJ0YWJsZXQiOnt9LCJtb2JpbGUiOnt9fX0=&#8221; mobile_bg_img_hidden=&#8221;no&#8221; tablet_bg_img_hidden=&#8221;no&#8221; woodmart_parallax=&#8221;0&#8243; woodmart_gradient_switch=&#8221;no&#8221; woodmart_box_shadow=&#8221;no&#8221; wd_z_index=&#8221;no&#8221; woodmart_disable_overflow=&#8221;0&#8243; row_reverse_mobile=&#8221;0&#8243; row_reverse_tablet=&#8221;0&#8243;][vc_column_inner][vc_column_text css=&#8221;&#8221; el_class=&#8221;bigger-cta-heading&#8221; woodmart_inline=&#8221;no&#8221; text_larger=&#8221;no&#8221;]<\/p>\n<h4>Tilaa s\u00e4hk\u00f6potkulauta INOKIM OxO jo t\u00e4n\u00e4\u00e4n!<\/h4>\n<p>[\/vc_column_text][\/vc_column_inner][\/vc_row_inner][\/vc_column][\/vc_row]<\/p>\n<\/div>","protected":false},"excerpt":{"rendered":"<p><strong>Inokim OxO<\/strong> on suorituskykyinen kaksimoottorinen s\u00e4hk\u00f6potkulauta, joka on suunniteltu tehokkaaseen ja pitk\u00e4n toimintas\u00e4teen ajoon. Vahva kiihtyvyys, kehittynyt jousitus ja kest\u00e4v\u00e4 runko takaavat tasaisen ja vakaan ajokokemuksen niin kaupunkikaduilla kuin vaativassa maastossa. Erinomainen valinta kuljettajalle, joka arvostaa huippuluokan suorituskyky\u00e4 ja ajomukavuutta samassa paketissa.<\/p>\n","protected":false},"featured_media":24924,"comment_status":"open","ping_status":"closed","template":"","meta":[],"product_brand":[673],"product_cat":[736],"product_tag":[],"class_list":{"0":"post-24930","1":"product","2":"type-product","3":"status-publish","4":"has-post-thumbnail","6":"product_brand-inokim","7":"product_cat-sahkopotkulaudat","9":"first","10":"instock","11":"sale","12":"taxable","13":"shipping-taxable","14":"purchasable","15":"product-type-simple"},"yoast_head":"<!-- This site is optimized with the Yoast SEO Premium plugin v27.3 (Yoast SEO v27.5) - https:\/\/yoast.com\/product\/yoast-seo-premium-wordpress\/ -->\n<title>Inokim OxO | Voltride<\/title>\n<meta name=\"description\" content=\"Inokim OxO on kaksimoottorinen s\u00e4hk\u00f6potkulauta, joka on suunniteltu pitk\u00e4\u00e4n toimintas\u00e4teeseen ja tehokkaaseen ajoon. Jopa 100km toimintas\u00e4de, kehittynyt jousitus sek\u00e4 vahva teho takaavat vakaan ja hallitun ajokokemuksen. Sopii erinomaisesti sek\u00e4 kaupunkiajoon ett\u00e4 maastoajoon.\" \/>\n<meta name=\"robots\" content=\"index, follow, max-snippet:-1, max-image-preview:large, max-video-preview:-1\" \/>\n<link rel=\"canonical\" href=\"https:\/\/voltride.com\/fi\/sahkopotkulaudat-inokim-oxo\/\" \/>\n<meta property=\"og:locale\" content=\"fi_FI\" \/>\n<meta property=\"og:type\" content=\"article\" \/>\n<meta property=\"og:title\" content=\"Inokim OxO | Voltride\" \/>\n<meta property=\"og:description\" content=\"Inokim OxO on kaksimoottorinen s\u00e4hk\u00f6potkulauta, joka on suunniteltu pitk\u00e4\u00e4n toimintas\u00e4teeseen ja tehokkaaseen ajoon. Jopa 100km toimintas\u00e4de, kehittynyt jousitus sek\u00e4 vahva teho takaavat vakaan ja hallitun ajokokemuksen. Sopii erinomaisesti sek\u00e4 kaupunkiajoon ett\u00e4 maastoajoon.\" \/>\n<meta property=\"og:url\" content=\"https:\/\/voltride.com\/fi\/sahkopotkulaudat-inokim-oxo\/\" \/>\n<meta property=\"og:site_name\" content=\"Voltride\" \/>\n<meta property=\"article:publisher\" content=\"https:\/\/www.facebook.com\/voltridecom\/\" \/>\n<meta property=\"article:modified_time\" content=\"2026-04-30T13:35:24+00:00\" \/>\n<meta property=\"og:image\" content=\"https:\/\/voltride.com\/wp-content\/uploads\/2026\/04\/inokim-oxo-front-main-image.jpg\" \/>\n\t<meta property=\"og:image:width\" content=\"2500\" \/>\n\t<meta property=\"og:image:height\" content=\"2500\" \/>\n\t<meta property=\"og:image:type\" content=\"image\/jpeg\" \/>\n<meta name=\"twitter:card\" content=\"summary_large_image\" \/>\n<script type=\"application\/ld+json\" class=\"yoast-schema-graph\">{\"@context\":\"https:\\\/\\\/schema.org\",\"@graph\":[{\"@type\":\"WebPage\",\"@id\":\"https:\\\/\\\/voltride.com\\\/fi\\\/sahkopotkulaudat-inokim-oxo\\\/\",\"url\":\"https:\\\/\\\/voltride.com\\\/fi\\\/sahkopotkulaudat-inokim-oxo\\\/\",\"name\":\"Inokim OxO | Voltride\",\"isPartOf\":{\"@id\":\"https:\\\/\\\/voltride.com\\\/fi\\\/#website\"},\"primaryImageOfPage\":{\"@id\":\"https:\\\/\\\/voltride.com\\\/fi\\\/sahkopotkulaudat-inokim-oxo\\\/#primaryimage\"},\"image\":{\"@id\":\"https:\\\/\\\/voltride.com\\\/fi\\\/sahkopotkulaudat-inokim-oxo\\\/#primaryimage\"},\"thumbnailUrl\":\"https:\\\/\\\/voltride.com\\\/wp-content\\\/uploads\\\/2026\\\/04\\\/inokim-oxo-front-main-image.jpg\",\"datePublished\":\"2026-04-23T09:34:45+00:00\",\"dateModified\":\"2026-04-30T13:35:24+00:00\",\"description\":\"Inokim OxO on kaksimoottorinen s\u00e4hk\u00f6potkulauta, joka on suunniteltu pitk\u00e4\u00e4n toimintas\u00e4teeseen ja tehokkaaseen ajoon. Jopa 100km toimintas\u00e4de, kehittynyt jousitus sek\u00e4 vahva teho takaavat vakaan ja hallitun ajokokemuksen. Sopii erinomaisesti sek\u00e4 kaupunkiajoon ett\u00e4 maastoajoon.\",\"breadcrumb\":{\"@id\":\"https:\\\/\\\/voltride.com\\\/fi\\\/sahkopotkulaudat-inokim-oxo\\\/#breadcrumb\"},\"inLanguage\":\"fi\",\"potentialAction\":[{\"@type\":\"ReadAction\",\"target\":[\"https:\\\/\\\/voltride.com\\\/fi\\\/sahkopotkulaudat-inokim-oxo\\\/\"]}]},{\"@type\":\"ImageObject\",\"inLanguage\":\"fi\",\"@id\":\"https:\\\/\\\/voltride.com\\\/fi\\\/sahkopotkulaudat-inokim-oxo\\\/#primaryimage\",\"url\":\"https:\\\/\\\/voltride.com\\\/wp-content\\\/uploads\\\/2026\\\/04\\\/inokim-oxo-front-main-image.jpg\",\"contentUrl\":\"https:\\\/\\\/voltride.com\\\/wp-content\\\/uploads\\\/2026\\\/04\\\/inokim-oxo-front-main-image.jpg\",\"width\":2500,\"height\":2500,\"caption\":\"Inokim OxO s\u00e4hk\u00f6potkulaudan etuviistokuva\"},{\"@type\":\"BreadcrumbList\",\"@id\":\"https:\\\/\\\/voltride.com\\\/fi\\\/sahkopotkulaudat-inokim-oxo\\\/#breadcrumb\",\"itemListElement\":[{\"@type\":\"ListItem\",\"position\":1,\"name\":\"Etusivu\",\"item\":\"https:\\\/\\\/voltride.com\\\/fi\\\/\"},{\"@type\":\"ListItem\",\"position\":2,\"name\":\"Kauppa\",\"item\":\"https:\\\/\\\/voltride.com\\\/shop\\\/\"},{\"@type\":\"ListItem\",\"position\":3,\"name\":\"S\u00e4hk\u00f6potkulaudat\",\"item\":\"https:\\\/\\\/voltride.com\\\/fi\\\/sahkopotkulaudat\\\/\"},{\"@type\":\"ListItem\",\"position\":4,\"name\":\"Inokim OxO\"}]},{\"@type\":\"WebSite\",\"@id\":\"https:\\\/\\\/voltride.com\\\/fi\\\/#website\",\"url\":\"https:\\\/\\\/voltride.com\\\/fi\\\/\",\"name\":\"Voltride\",\"description\":\"Parim elektrirataste elektrit\u00f5ukside ja \u00fcksrataste pood ja remont\",\"publisher\":{\"@id\":\"https:\\\/\\\/voltride.com\\\/fi\\\/#organization\"},\"alternateName\":\"Vr\",\"potentialAction\":[{\"@type\":\"SearchAction\",\"target\":{\"@type\":\"EntryPoint\",\"urlTemplate\":\"https:\\\/\\\/voltride.com\\\/fi\\\/?s={search_term_string}\"},\"query-input\":{\"@type\":\"PropertyValueSpecification\",\"valueRequired\":true,\"valueName\":\"search_term_string\"}}],\"inLanguage\":\"fi\"},{\"@type\":[\"Organization\",\"Place\"],\"@id\":\"https:\\\/\\\/voltride.com\\\/fi\\\/#organization\",\"name\":\"Voltride\",\"alternateName\":\"VR\",\"url\":\"https:\\\/\\\/voltride.com\\\/fi\\\/\",\"logo\":{\"@id\":\"https:\\\/\\\/voltride.com\\\/fi\\\/sahkopotkulaudat-inokim-oxo\\\/#local-main-organization-logo\"},\"image\":{\"@id\":\"https:\\\/\\\/voltride.com\\\/fi\\\/sahkopotkulaudat-inokim-oxo\\\/#local-main-organization-logo\"},\"sameAs\":[\"https:\\\/\\\/www.facebook.com\\\/voltridecom\\\/\"],\"legalName\":\"Voltride O\u00dc\",\"numberOfEmployees\":{\"@type\":\"QuantitativeValue\",\"minValue\":\"1\",\"maxValue\":\"10\"},\"ownershipFundingInfo\":\"https:\\\/\\\/voltride.com\\\/about-us\\\/\",\"hasMerchantReturnPolicy\":{\"@type\":\"MerchantReturnPolicy\",\"merchantReturnLink\":\"https:\\\/\\\/voltride.com\\\/shipping-and-returns\\\/\"},\"address\":{\"@id\":\"https:\\\/\\\/voltride.com\\\/fi\\\/sahkopotkulaudat-inokim-oxo\\\/#local-main-place-address\"},\"geo\":{\"@type\":\"GeoCoordinates\",\"latitude\":\"59.439554\",\"longitude\":\"24.726644\"},\"telephone\":[\"+372 600 40 99\"],\"contactPoint\":{\"@type\":\"ContactPoint\",\"telephone\":\"+372 600 40 99\",\"email\":\"info@voltride.com\"},\"openingHoursSpecification\":[{\"@type\":\"OpeningHoursSpecification\",\"dayOfWeek\":[\"Monday\",\"Tuesday\",\"Wednesday\",\"Thursday\",\"Friday\"],\"opens\":\"10:00\",\"closes\":\"18:00\"},{\"@type\":\"OpeningHoursSpecification\",\"dayOfWeek\":[\"Saturday\",\"Sunday\"],\"opens\":\"00:00\",\"closes\":\"00:00\"}],\"email\":\"info@voltride.com\",\"taxID\":\"14871968\"},{\"@type\":\"PostalAddress\",\"@id\":\"https:\\\/\\\/voltride.com\\\/fi\\\/sahkopotkulaudat-inokim-oxo\\\/#local-main-place-address\",\"streetAddress\":\"Voltride Telliskivi 57D\",\"addressLocality\":\"Tallinn\",\"postalCode\":\"10412\",\"addressRegion\":\"Tallinn\",\"addressCountry\":\"EE\"},{\"@type\":\"ImageObject\",\"inLanguage\":\"fi\",\"@id\":\"https:\\\/\\\/voltride.com\\\/fi\\\/sahkopotkulaudat-inokim-oxo\\\/#local-main-organization-logo\",\"url\":\"https:\\\/\\\/voltride.com\\\/wp-content\\\/uploads\\\/voltride-logo.png\",\"contentUrl\":\"https:\\\/\\\/voltride.com\\\/wp-content\\\/uploads\\\/voltride-logo.png\",\"width\":2481,\"height\":620,\"caption\":\"Voltride\"}]}<\/script>\n<meta property=\"product:brand\" content=\"Inokim\" \/>\n<meta property=\"product:price:amount\" content=\"1899.99\" \/>\n<meta property=\"product:price:currency\" content=\"EUR\" \/>\n<meta property=\"og:availability\" content=\"instock\" \/>\n<meta property=\"product:availability\" content=\"instock\" \/>\n<meta property=\"product:retailer_item_id\" content=\"KSIM420\" \/>\n<meta property=\"product:condition\" content=\"new\" \/>\n<meta name=\"geo.placename\" content=\"Tallinn\" \/>\n<meta name=\"geo.position\" content=\"59.439554;24.726644\" \/>\n<meta name=\"geo.region\" content=\"Viro\" \/>\n<!-- \/ Yoast SEO Premium plugin. -->","yoast_head_json":{"title":"Inokim OxO | Voltride","description":"Inokim OxO on kaksimoottorinen s\u00e4hk\u00f6potkulauta, joka on suunniteltu pitk\u00e4\u00e4n toimintas\u00e4teeseen ja tehokkaaseen ajoon. Jopa 100km toimintas\u00e4de, kehittynyt jousitus sek\u00e4 vahva teho takaavat vakaan ja hallitun ajokokemuksen. Sopii erinomaisesti sek\u00e4 kaupunkiajoon ett\u00e4 maastoajoon.","robots":{"index":"index","follow":"follow","max-snippet":"max-snippet:-1","max-image-preview":"max-image-preview:large","max-video-preview":"max-video-preview:-1"},"canonical":"https:\/\/voltride.com\/fi\/sahkopotkulaudat-inokim-oxo\/","og_locale":"fi_FI","og_type":"article","og_title":"Inokim OxO | Voltride","og_description":"Inokim OxO on kaksimoottorinen s\u00e4hk\u00f6potkulauta, joka on suunniteltu pitk\u00e4\u00e4n toimintas\u00e4teeseen ja tehokkaaseen ajoon. Jopa 100km toimintas\u00e4de, kehittynyt jousitus sek\u00e4 vahva teho takaavat vakaan ja hallitun ajokokemuksen. Sopii erinomaisesti sek\u00e4 kaupunkiajoon ett\u00e4 maastoajoon.","og_url":"https:\/\/voltride.com\/fi\/sahkopotkulaudat-inokim-oxo\/","og_site_name":"Voltride","article_publisher":"https:\/\/www.facebook.com\/voltridecom\/","article_modified_time":"2026-04-30T13:35:24+00:00","og_image":[{"width":2500,"height":2500,"url":"https:\/\/voltride.com\/wp-content\/uploads\/2026\/04\/inokim-oxo-front-main-image.jpg","type":"image\/jpeg"}],"twitter_card":"summary_large_image","schema":{"@context":"https:\/\/schema.org","@graph":[{"@type":"WebPage","@id":"https:\/\/voltride.com\/fi\/sahkopotkulaudat-inokim-oxo\/","url":"https:\/\/voltride.com\/fi\/sahkopotkulaudat-inokim-oxo\/","name":"Inokim OxO | Voltride","isPartOf":{"@id":"https:\/\/voltride.com\/fi\/#website"},"primaryImageOfPage":{"@id":"https:\/\/voltride.com\/fi\/sahkopotkulaudat-inokim-oxo\/#primaryimage"},"image":{"@id":"https:\/\/voltride.com\/fi\/sahkopotkulaudat-inokim-oxo\/#primaryimage"},"thumbnailUrl":"https:\/\/voltride.com\/wp-content\/uploads\/2026\/04\/inokim-oxo-front-main-image.jpg","datePublished":"2026-04-23T09:34:45+00:00","dateModified":"2026-04-30T13:35:24+00:00","description":"Inokim OxO on kaksimoottorinen s\u00e4hk\u00f6potkulauta, joka on suunniteltu pitk\u00e4\u00e4n toimintas\u00e4teeseen ja tehokkaaseen ajoon. Jopa 100km toimintas\u00e4de, kehittynyt jousitus sek\u00e4 vahva teho takaavat vakaan ja hallitun ajokokemuksen. Sopii erinomaisesti sek\u00e4 kaupunkiajoon ett\u00e4 maastoajoon.","breadcrumb":{"@id":"https:\/\/voltride.com\/fi\/sahkopotkulaudat-inokim-oxo\/#breadcrumb"},"inLanguage":"fi","potentialAction":[{"@type":"ReadAction","target":["https:\/\/voltride.com\/fi\/sahkopotkulaudat-inokim-oxo\/"]}]},{"@type":"ImageObject","inLanguage":"fi","@id":"https:\/\/voltride.com\/fi\/sahkopotkulaudat-inokim-oxo\/#primaryimage","url":"https:\/\/voltride.com\/wp-content\/uploads\/2026\/04\/inokim-oxo-front-main-image.jpg","contentUrl":"https:\/\/voltride.com\/wp-content\/uploads\/2026\/04\/inokim-oxo-front-main-image.jpg","width":2500,"height":2500,"caption":"Inokim OxO s\u00e4hk\u00f6potkulaudan etuviistokuva"},{"@type":"BreadcrumbList","@id":"https:\/\/voltride.com\/fi\/sahkopotkulaudat-inokim-oxo\/#breadcrumb","itemListElement":[{"@type":"ListItem","position":1,"name":"Etusivu","item":"https:\/\/voltride.com\/fi\/"},{"@type":"ListItem","position":2,"name":"Kauppa","item":"https:\/\/voltride.com\/shop\/"},{"@type":"ListItem","position":3,"name":"S\u00e4hk\u00f6potkulaudat","item":"https:\/\/voltride.com\/fi\/sahkopotkulaudat\/"},{"@type":"ListItem","position":4,"name":"Inokim OxO"}]},{"@type":"WebSite","@id":"https:\/\/voltride.com\/fi\/#website","url":"https:\/\/voltride.com\/fi\/","name":"Voltride","description":"Parim elektrirataste elektrit\u00f5ukside ja \u00fcksrataste pood ja remont","publisher":{"@id":"https:\/\/voltride.com\/fi\/#organization"},"alternateName":"Vr","potentialAction":[{"@type":"SearchAction","target":{"@type":"EntryPoint","urlTemplate":"https:\/\/voltride.com\/fi\/?s={search_term_string}"},"query-input":{"@type":"PropertyValueSpecification","valueRequired":true,"valueName":"search_term_string"}}],"inLanguage":"fi"},{"@type":["Organization","Place"],"@id":"https:\/\/voltride.com\/fi\/#organization","name":"Voltride","alternateName":"VR","url":"https:\/\/voltride.com\/fi\/","logo":{"@id":"https:\/\/voltride.com\/fi\/sahkopotkulaudat-inokim-oxo\/#local-main-organization-logo"},"image":{"@id":"https:\/\/voltride.com\/fi\/sahkopotkulaudat-inokim-oxo\/#local-main-organization-logo"},"sameAs":["https:\/\/www.facebook.com\/voltridecom\/"],"legalName":"Voltride O\u00dc","numberOfEmployees":{"@type":"QuantitativeValue","minValue":"1","maxValue":"10"},"ownershipFundingInfo":"https:\/\/voltride.com\/about-us\/","hasMerchantReturnPolicy":{"@type":"MerchantReturnPolicy","merchantReturnLink":"https:\/\/voltride.com\/shipping-and-returns\/"},"address":{"@id":"https:\/\/voltride.com\/fi\/sahkopotkulaudat-inokim-oxo\/#local-main-place-address"},"geo":{"@type":"GeoCoordinates","latitude":"59.439554","longitude":"24.726644"},"telephone":["+372 600 40 99"],"contactPoint":{"@type":"ContactPoint","telephone":"+372 600 40 99","email":"info@voltride.com"},"openingHoursSpecification":[{"@type":"OpeningHoursSpecification","dayOfWeek":["Monday","Tuesday","Wednesday","Thursday","Friday"],"opens":"10:00","closes":"18:00"},{"@type":"OpeningHoursSpecification","dayOfWeek":["Saturday","Sunday"],"opens":"00:00","closes":"00:00"}],"email":"info@voltride.com","taxID":"14871968"},{"@type":"PostalAddress","@id":"https:\/\/voltride.com\/fi\/sahkopotkulaudat-inokim-oxo\/#local-main-place-address","streetAddress":"Voltride Telliskivi 57D","addressLocality":"Tallinn","postalCode":"10412","addressRegion":"Tallinn","addressCountry":"EE"},{"@type":"ImageObject","inLanguage":"fi","@id":"https:\/\/voltride.com\/fi\/sahkopotkulaudat-inokim-oxo\/#local-main-organization-logo","url":"https:\/\/voltride.com\/wp-content\/uploads\/voltride-logo.png","contentUrl":"https:\/\/voltride.com\/wp-content\/uploads\/voltride-logo.png","width":2481,"height":620,"caption":"Voltride"}]},"product_brand":"Inokim","product_price_amount":"1899.99","product_price_currency":"EUR","og_availability":"instock","product_availability":"instock","product_retailer_item_id":"KSIM420","product_condition":"new","geo.placename":"Tallinn","geo.position":{"lat":"59.439554","long":"24.726644"},"geo.region":"Viro"},"_links":{"self":[{"href":"https:\/\/voltride.com\/fi\/wp-json\/wp\/v2\/product\/24930","targetHints":{"allow":["GET"]}}],"collection":[{"href":"https:\/\/voltride.com\/fi\/wp-json\/wp\/v2\/product"}],"about":[{"href":"https:\/\/voltride.com\/fi\/wp-json\/wp\/v2\/types\/product"}],"replies":[{"embeddable":true,"href":"https:\/\/voltride.com\/fi\/wp-json\/wp\/v2\/comments?post=24930"}],"wp:featuredmedia":[{"embeddable":true,"href":"https:\/\/voltride.com\/fi\/wp-json\/wp\/v2\/media\/24924"}],"wp:attachment":[{"href":"https:\/\/voltride.com\/fi\/wp-json\/wp\/v2\/media?parent=24930"}],"wp:term":[{"taxonomy":"product_brand","embeddable":true,"href":"https:\/\/voltride.com\/fi\/wp-json\/wp\/v2\/product_brand?post=24930"},{"taxonomy":"product_cat","embeddable":true,"href":"https:\/\/voltride.com\/fi\/wp-json\/wp\/v2\/product_cat?post=24930"},{"taxonomy":"product_tag","embeddable":true,"href":"https:\/\/voltride.com\/fi\/wp-json\/wp\/v2\/product_tag?post=24930"}],"curies":[{"name":"wp","href":"https:\/\/api.w.org\/{rel}","templated":true}]}}