{"id":25130,"date":"2026-04-23T13:20:33","date_gmt":"2026-04-23T11:20:33","guid":{"rendered":"https:\/\/voltride.com\/leatt-polvi-ja-saarisuoja-dual-axis-pro-xxl\/"},"modified":"2026-04-24T14:29:25","modified_gmt":"2026-04-24T12:29:25","slug":"leatt-polvi-ja-saarisuoja-dual-axis-pro-xxl","status":"publish","type":"product","link":"https:\/\/voltride.com\/fi\/leatt-polvi-ja-saarisuoja-dual-axis-pro-xxl\/","title":{"rendered":"Leatt Polvi- ja S\u00e4\u00e4risuoja Dual Axis Pro XXL"},"content":{"rendered":"<div class=\"wpb-content-wrapper\"><p>[vc_row][vc_column][vc_column_text css=&#8221;&#8221; woodmart_inline=&#8221;no&#8221; text_larger=&#8221;no&#8221;]<\/p>\n<h2>Leatt Polvi- ja S\u00e4\u00e4risuoja Dual Axis Pro<\/h2>\n<p>Leatt Dual Axis Pro polvi- ja s\u00e4\u00e4risuojat tarjoavat huippuluokan suojaa ja mukavuutta, sijoittuen Dual Axis -suojien ja korkeatasoisten Z-Frame -ortoosien v\u00e4liin. Anatomisesti oikein suunnitellut nivelmekanismit seuraavat luonnollisesti polven liikett\u00e4, antaen vapaan liikkumisen tunteen.<\/p>\n<p>Leattin iskunsuojausteknologia ja kova ulkokuori takaavat CE-hyv\u00e4ksytyn suojan (EN1621-1), kun taas laajennettu pehmuste sis\u00e4puolella parantaa mukavuutta ja istuvuutta. Metallinen ulkokerros vahvistaa nivelrakennetta ja v\u00e4hent\u00e4\u00e4 sivuttaisia iskuja, kun taas kumipinnat parantavat py\u00f6r\u00e4n hallintaa. Kapeat s\u00e4\u00e4riosat sopivat hyvin ajosaappaiden kanssa ja suuret ilmanvaihtoaukot pit\u00e4v\u00e4t olon viile\u00e4n\u00e4 kovassakin ajossa.<\/p>\n<p>Leattin suoja-arvosanalla 25\/25 n\u00e4m\u00e4 suojat tarjoavat ensiluokkaista turvallisuutta ja ovat t\u00e4ydellinen valinta kuljettajille, jotka haluavat yhdist\u00e4\u00e4 suorituskyvyn ja mukavuuden.<\/p>\n<p><strong>Ominaisuudet:<\/strong><\/p>\n<ul>\n<li>Leatt\u00ae suoja-arvosana: 25\/25<\/li>\n<li>CE-hyv\u00e4ksytty iskunsuoja (EN1621-1, polvi ja s\u00e4\u00e4ri)<\/li>\n<li>Kova kuori anatomisesti oikein toimivalla nivelmekanismilla<\/li>\n<li>Lis\u00e4tty pehmuste mukavuuden ja istuvuuden takaamiseksi<\/li>\n<li>Metallivahvike niveless\u00e4 lis\u00e4\u00e4 kest\u00e4vyytt\u00e4 ja v\u00e4hent\u00e4\u00e4 iskuja<\/li>\n<li>Kumipinnat paremman py\u00f6r\u00e4otteen takaamiseksi<\/li>\n<li>Kapea s\u00e4\u00e4riosio \u2014 sopii hyvin saappaiden kanssa<\/li>\n<li>Suuret ilmanvaihtoaukot<\/li>\n<li>Muoviton pakkaus<\/li>\n<\/ul>\n<p>Dual Axis Pro on t\u00e4ydellinen tasapaino mukavuuden, liikkuvuuden ja suojan v\u00e4lill\u00e4 \u2013 niille, jotka haluavat enemm\u00e4n kuin tavalliset suojat, mutta eiv\u00e4t viel\u00e4 tarvitse t\u00e4ytt\u00e4 ortoosia.[\/vc_column_text][\/vc_column][\/vc_row]<\/p>\n<\/div>","protected":false},"excerpt":{"rendered":"<p>[vc_row][vc_column][vc_column_text css=&#8221;&#8221; woodmart_inline=&#8221;no&#8221; text_larger=&#8221;no&#8221;] Leatt Polvi- ja S\u00e4\u00e4risuoja Dual Axis Pro Leatt Dual Axis Pro polvi- ja s\u00e4\u00e4risuojat tarjoavat huippuluokan<\/p>\n","protected":false},"featured_media":25129,"comment_status":"open","ping_status":"closed","template":"","meta":[],"product_brand":[],"product_cat":[755],"product_tag":[],"class_list":{"0":"post-25130","1":"product","2":"type-product","3":"status-publish","4":"has-post-thumbnail","6":"product_cat-suojavarusteet","8":"first","9":"instock","10":"taxable","11":"shipping-taxable","12":"purchasable","13":"product-type-simple"},"yoast_head":"<!-- This site is optimized with the Yoast SEO Premium plugin v27.3 (Yoast SEO v27.4) - https:\/\/yoast.com\/product\/yoast-seo-premium-wordpress\/ -->\n<title>Leatt Polvi- ja S\u00e4\u00e4risuoja Dual Axis Pro XXL | Voltride<\/title>\n<meta name=\"robots\" content=\"index, follow, max-snippet:-1, max-image-preview:large, max-video-preview:-1\" \/>\n<link rel=\"canonical\" href=\"https:\/\/voltride.com\/fi\/leatt-polvi-ja-saarisuoja-dual-axis-pro-xxl\/\" \/>\n<meta property=\"og:locale\" content=\"fi_FI\" \/>\n<meta property=\"og:type\" content=\"article\" \/>\n<meta property=\"og:title\" content=\"Leatt Polvi- ja S\u00e4\u00e4risuoja Dual Axis Pro XXL | Voltride\" \/>\n<meta property=\"og:description\" content=\"[vc_row][vc_column][vc_column_text css=&#8221;&#8221; woodmart_inline=&#8221;no&#8221; text_larger=&#8221;no&#8221;] Leatt Polvi- ja S\u00e4\u00e4risuoja Dual Axis Pro Leatt Dual Axis Pro polvi- ja s\u00e4\u00e4risuojat tarjoavat huippuluokan\" \/>\n<meta property=\"og:url\" content=\"https:\/\/voltride.com\/fi\/leatt-polvi-ja-saarisuoja-dual-axis-pro-xxl\/\" \/>\n<meta property=\"og:site_name\" content=\"Voltride\" \/>\n<meta property=\"article:publisher\" content=\"https:\/\/www.facebook.com\/voltridecom\/\" \/>\n<meta property=\"article:modified_time\" content=\"2026-04-24T12:29:25+00:00\" \/>\n<meta property=\"og:image\" content=\"https:\/\/voltride.com\/wp-content\/uploads\/2026\/04\/ltsg008.png\" \/>\n\t<meta property=\"og:image:width\" content=\"1000\" \/>\n\t<meta property=\"og:image:height\" content=\"1000\" \/>\n\t<meta property=\"og:image:type\" content=\"image\/png\" \/>\n<meta name=\"twitter:card\" content=\"summary_large_image\" \/>\n<script type=\"application\/ld+json\" class=\"yoast-schema-graph\">{\"@context\":\"https:\\\/\\\/schema.org\",\"@graph\":[{\"@type\":\"WebPage\",\"@id\":\"https:\\\/\\\/voltride.com\\\/fi\\\/leatt-polvi-ja-saarisuoja-dual-axis-pro-xxl\\\/\",\"url\":\"https:\\\/\\\/voltride.com\\\/fi\\\/leatt-polvi-ja-saarisuoja-dual-axis-pro-xxl\\\/\",\"name\":\"Leatt Polvi- ja S\u00e4\u00e4risuoja Dual Axis Pro XXL | Voltride\",\"isPartOf\":{\"@id\":\"https:\\\/\\\/voltride.com\\\/fi\\\/#website\"},\"primaryImageOfPage\":{\"@id\":\"https:\\\/\\\/voltride.com\\\/fi\\\/leatt-polvi-ja-saarisuoja-dual-axis-pro-xxl\\\/#primaryimage\"},\"image\":{\"@id\":\"https:\\\/\\\/voltride.com\\\/fi\\\/leatt-polvi-ja-saarisuoja-dual-axis-pro-xxl\\\/#primaryimage\"},\"thumbnailUrl\":\"https:\\\/\\\/voltride.com\\\/wp-content\\\/uploads\\\/2026\\\/04\\\/ltsg008.png\",\"datePublished\":\"2026-04-23T11:20:33+00:00\",\"dateModified\":\"2026-04-24T12:29:25+00:00\",\"breadcrumb\":{\"@id\":\"https:\\\/\\\/voltride.com\\\/fi\\\/leatt-polvi-ja-saarisuoja-dual-axis-pro-xxl\\\/#breadcrumb\"},\"inLanguage\":\"fi\",\"potentialAction\":[{\"@type\":\"ReadAction\",\"target\":[\"https:\\\/\\\/voltride.com\\\/fi\\\/leatt-polvi-ja-saarisuoja-dual-axis-pro-xxl\\\/\"]}]},{\"@type\":\"ImageObject\",\"inLanguage\":\"fi\",\"@id\":\"https:\\\/\\\/voltride.com\\\/fi\\\/leatt-polvi-ja-saarisuoja-dual-axis-pro-xxl\\\/#primaryimage\",\"url\":\"https:\\\/\\\/voltride.com\\\/wp-content\\\/uploads\\\/2026\\\/04\\\/ltsg008.png\",\"contentUrl\":\"https:\\\/\\\/voltride.com\\\/wp-content\\\/uploads\\\/2026\\\/04\\\/ltsg008.png\",\"width\":1000,\"height\":1000},{\"@type\":\"BreadcrumbList\",\"@id\":\"https:\\\/\\\/voltride.com\\\/fi\\\/leatt-polvi-ja-saarisuoja-dual-axis-pro-xxl\\\/#breadcrumb\",\"itemListElement\":[{\"@type\":\"ListItem\",\"position\":1,\"name\":\"Etusivu\",\"item\":\"https:\\\/\\\/voltride.com\\\/fi\\\/\"},{\"@type\":\"ListItem\",\"position\":2,\"name\":\"Kauppa\",\"item\":\"https:\\\/\\\/voltride.com\\\/shop\\\/\"},{\"@type\":\"ListItem\",\"position\":3,\"name\":\"Lis\u00e4tarvikkeet\",\"item\":\"https:\\\/\\\/voltride.com\\\/fi\\\/lisatarvikkeet\\\/\"},{\"@type\":\"ListItem\",\"position\":4,\"name\":\"Ihmisten suojavarusteet\",\"item\":\"https:\\\/\\\/voltride.com\\\/fi\\\/suojavarusteet\\\/\"},{\"@type\":\"ListItem\",\"position\":5,\"name\":\"Leatt Polvi- ja S\u00e4\u00e4risuoja Dual Axis Pro XXL\"}]},{\"@type\":\"WebSite\",\"@id\":\"https:\\\/\\\/voltride.com\\\/fi\\\/#website\",\"url\":\"https:\\\/\\\/voltride.com\\\/fi\\\/\",\"name\":\"Voltride\",\"description\":\"Parim elektrirataste elektrit\u00f5ukside ja \u00fcksrataste pood ja remont\",\"publisher\":{\"@id\":\"https:\\\/\\\/voltride.com\\\/fi\\\/#organization\"},\"alternateName\":\"Vr\",\"potentialAction\":[{\"@type\":\"SearchAction\",\"target\":{\"@type\":\"EntryPoint\",\"urlTemplate\":\"https:\\\/\\\/voltride.com\\\/fi\\\/?s={search_term_string}\"},\"query-input\":{\"@type\":\"PropertyValueSpecification\",\"valueRequired\":true,\"valueName\":\"search_term_string\"}}],\"inLanguage\":\"fi\"},{\"@type\":[\"Organization\",\"Place\"],\"@id\":\"https:\\\/\\\/voltride.com\\\/fi\\\/#organization\",\"name\":\"Voltride\",\"alternateName\":\"VR\",\"url\":\"https:\\\/\\\/voltride.com\\\/fi\\\/\",\"logo\":{\"@id\":\"https:\\\/\\\/voltride.com\\\/fi\\\/leatt-polvi-ja-saarisuoja-dual-axis-pro-xxl\\\/#local-main-organization-logo\"},\"image\":{\"@id\":\"https:\\\/\\\/voltride.com\\\/fi\\\/leatt-polvi-ja-saarisuoja-dual-axis-pro-xxl\\\/#local-main-organization-logo\"},\"sameAs\":[\"https:\\\/\\\/www.facebook.com\\\/voltridecom\\\/\"],\"legalName\":\"Voltride O\u00dc\",\"numberOfEmployees\":{\"@type\":\"QuantitativeValue\",\"minValue\":\"1\",\"maxValue\":\"10\"},\"ownershipFundingInfo\":\"https:\\\/\\\/voltride.com\\\/about-us\\\/\",\"hasMerchantReturnPolicy\":{\"@type\":\"MerchantReturnPolicy\",\"merchantReturnLink\":\"https:\\\/\\\/voltride.com\\\/shipping-and-returns\\\/\"},\"address\":{\"@id\":\"https:\\\/\\\/voltride.com\\\/fi\\\/leatt-polvi-ja-saarisuoja-dual-axis-pro-xxl\\\/#local-main-place-address\"},\"geo\":{\"@type\":\"GeoCoordinates\",\"latitude\":\"59.439554\",\"longitude\":\"24.726644\"},\"telephone\":[\"+372 600 40 99\"],\"contactPoint\":{\"@type\":\"ContactPoint\",\"telephone\":\"+372 600 40 99\",\"email\":\"info@voltride.com\"},\"openingHoursSpecification\":[{\"@type\":\"OpeningHoursSpecification\",\"dayOfWeek\":[\"Monday\",\"Tuesday\",\"Wednesday\",\"Thursday\",\"Friday\"],\"opens\":\"10:00\",\"closes\":\"18:00\"},{\"@type\":\"OpeningHoursSpecification\",\"dayOfWeek\":[\"Saturday\",\"Sunday\"],\"opens\":\"00:00\",\"closes\":\"00:00\"}],\"email\":\"info@voltride.com\",\"taxID\":\"14871968\"},{\"@type\":\"PostalAddress\",\"@id\":\"https:\\\/\\\/voltride.com\\\/fi\\\/leatt-polvi-ja-saarisuoja-dual-axis-pro-xxl\\\/#local-main-place-address\",\"streetAddress\":\"Voltride Telliskivi 57D\",\"addressLocality\":\"Tallinn\",\"postalCode\":\"10412\",\"addressRegion\":\"Tallinn\",\"addressCountry\":\"EE\"},{\"@type\":\"ImageObject\",\"inLanguage\":\"fi\",\"@id\":\"https:\\\/\\\/voltride.com\\\/fi\\\/leatt-polvi-ja-saarisuoja-dual-axis-pro-xxl\\\/#local-main-organization-logo\",\"url\":\"https:\\\/\\\/voltride.com\\\/wp-content\\\/uploads\\\/voltride-logo.png\",\"contentUrl\":\"https:\\\/\\\/voltride.com\\\/wp-content\\\/uploads\\\/voltride-logo.png\",\"width\":2481,\"height\":620,\"caption\":\"Voltride\"}]}<\/script>\n<meta property=\"product:price:amount\" content=\"160.00\" \/>\n<meta property=\"product:price:currency\" content=\"EUR\" \/>\n<meta property=\"og:availability\" content=\"instock\" \/>\n<meta property=\"product:availability\" content=\"instock\" \/>\n<meta property=\"product:retailer_item_id\" content=\"LTSG008\" \/>\n<meta property=\"product:condition\" content=\"new\" \/>\n<meta name=\"geo.placename\" content=\"Tallinn\" \/>\n<meta name=\"geo.position\" content=\"59.439554;24.726644\" \/>\n<meta name=\"geo.region\" content=\"Viro\" \/>\n<!-- \/ Yoast SEO Premium plugin. -->","yoast_head_json":{"title":"Leatt Polvi- ja S\u00e4\u00e4risuoja Dual Axis Pro XXL | Voltride","robots":{"index":"index","follow":"follow","max-snippet":"max-snippet:-1","max-image-preview":"max-image-preview:large","max-video-preview":"max-video-preview:-1"},"canonical":"https:\/\/voltride.com\/fi\/leatt-polvi-ja-saarisuoja-dual-axis-pro-xxl\/","og_locale":"fi_FI","og_type":"article","og_title":"Leatt Polvi- ja S\u00e4\u00e4risuoja Dual Axis Pro XXL | Voltride","og_description":"[vc_row][vc_column][vc_column_text css=&#8221;&#8221; woodmart_inline=&#8221;no&#8221; text_larger=&#8221;no&#8221;] Leatt Polvi- ja S\u00e4\u00e4risuoja Dual Axis Pro Leatt Dual Axis Pro polvi- ja s\u00e4\u00e4risuojat tarjoavat huippuluokan","og_url":"https:\/\/voltride.com\/fi\/leatt-polvi-ja-saarisuoja-dual-axis-pro-xxl\/","og_site_name":"Voltride","article_publisher":"https:\/\/www.facebook.com\/voltridecom\/","article_modified_time":"2026-04-24T12:29:25+00:00","og_image":[{"width":1000,"height":1000,"url":"https:\/\/voltride.com\/wp-content\/uploads\/2026\/04\/ltsg008.png","type":"image\/png"}],"twitter_card":"summary_large_image","schema":{"@context":"https:\/\/schema.org","@graph":[{"@type":"WebPage","@id":"https:\/\/voltride.com\/fi\/leatt-polvi-ja-saarisuoja-dual-axis-pro-xxl\/","url":"https:\/\/voltride.com\/fi\/leatt-polvi-ja-saarisuoja-dual-axis-pro-xxl\/","name":"Leatt Polvi- ja S\u00e4\u00e4risuoja Dual Axis Pro XXL | Voltride","isPartOf":{"@id":"https:\/\/voltride.com\/fi\/#website"},"primaryImageOfPage":{"@id":"https:\/\/voltride.com\/fi\/leatt-polvi-ja-saarisuoja-dual-axis-pro-xxl\/#primaryimage"},"image":{"@id":"https:\/\/voltride.com\/fi\/leatt-polvi-ja-saarisuoja-dual-axis-pro-xxl\/#primaryimage"},"thumbnailUrl":"https:\/\/voltride.com\/wp-content\/uploads\/2026\/04\/ltsg008.png","datePublished":"2026-04-23T11:20:33+00:00","dateModified":"2026-04-24T12:29:25+00:00","breadcrumb":{"@id":"https:\/\/voltride.com\/fi\/leatt-polvi-ja-saarisuoja-dual-axis-pro-xxl\/#breadcrumb"},"inLanguage":"fi","potentialAction":[{"@type":"ReadAction","target":["https:\/\/voltride.com\/fi\/leatt-polvi-ja-saarisuoja-dual-axis-pro-xxl\/"]}]},{"@type":"ImageObject","inLanguage":"fi","@id":"https:\/\/voltride.com\/fi\/leatt-polvi-ja-saarisuoja-dual-axis-pro-xxl\/#primaryimage","url":"https:\/\/voltride.com\/wp-content\/uploads\/2026\/04\/ltsg008.png","contentUrl":"https:\/\/voltride.com\/wp-content\/uploads\/2026\/04\/ltsg008.png","width":1000,"height":1000},{"@type":"BreadcrumbList","@id":"https:\/\/voltride.com\/fi\/leatt-polvi-ja-saarisuoja-dual-axis-pro-xxl\/#breadcrumb","itemListElement":[{"@type":"ListItem","position":1,"name":"Etusivu","item":"https:\/\/voltride.com\/fi\/"},{"@type":"ListItem","position":2,"name":"Kauppa","item":"https:\/\/voltride.com\/shop\/"},{"@type":"ListItem","position":3,"name":"Lis\u00e4tarvikkeet","item":"https:\/\/voltride.com\/fi\/lisatarvikkeet\/"},{"@type":"ListItem","position":4,"name":"Ihmisten suojavarusteet","item":"https:\/\/voltride.com\/fi\/suojavarusteet\/"},{"@type":"ListItem","position":5,"name":"Leatt Polvi- ja S\u00e4\u00e4risuoja Dual Axis Pro XXL"}]},{"@type":"WebSite","@id":"https:\/\/voltride.com\/fi\/#website","url":"https:\/\/voltride.com\/fi\/","name":"Voltride","description":"Parim elektrirataste elektrit\u00f5ukside ja \u00fcksrataste pood ja remont","publisher":{"@id":"https:\/\/voltride.com\/fi\/#organization"},"alternateName":"Vr","potentialAction":[{"@type":"SearchAction","target":{"@type":"EntryPoint","urlTemplate":"https:\/\/voltride.com\/fi\/?s={search_term_string}"},"query-input":{"@type":"PropertyValueSpecification","valueRequired":true,"valueName":"search_term_string"}}],"inLanguage":"fi"},{"@type":["Organization","Place"],"@id":"https:\/\/voltride.com\/fi\/#organization","name":"Voltride","alternateName":"VR","url":"https:\/\/voltride.com\/fi\/","logo":{"@id":"https:\/\/voltride.com\/fi\/leatt-polvi-ja-saarisuoja-dual-axis-pro-xxl\/#local-main-organization-logo"},"image":{"@id":"https:\/\/voltride.com\/fi\/leatt-polvi-ja-saarisuoja-dual-axis-pro-xxl\/#local-main-organization-logo"},"sameAs":["https:\/\/www.facebook.com\/voltridecom\/"],"legalName":"Voltride O\u00dc","numberOfEmployees":{"@type":"QuantitativeValue","minValue":"1","maxValue":"10"},"ownershipFundingInfo":"https:\/\/voltride.com\/about-us\/","hasMerchantReturnPolicy":{"@type":"MerchantReturnPolicy","merchantReturnLink":"https:\/\/voltride.com\/shipping-and-returns\/"},"address":{"@id":"https:\/\/voltride.com\/fi\/leatt-polvi-ja-saarisuoja-dual-axis-pro-xxl\/#local-main-place-address"},"geo":{"@type":"GeoCoordinates","latitude":"59.439554","longitude":"24.726644"},"telephone":["+372 600 40 99"],"contactPoint":{"@type":"ContactPoint","telephone":"+372 600 40 99","email":"info@voltride.com"},"openingHoursSpecification":[{"@type":"OpeningHoursSpecification","dayOfWeek":["Monday","Tuesday","Wednesday","Thursday","Friday"],"opens":"10:00","closes":"18:00"},{"@type":"OpeningHoursSpecification","dayOfWeek":["Saturday","Sunday"],"opens":"00:00","closes":"00:00"}],"email":"info@voltride.com","taxID":"14871968"},{"@type":"PostalAddress","@id":"https:\/\/voltride.com\/fi\/leatt-polvi-ja-saarisuoja-dual-axis-pro-xxl\/#local-main-place-address","streetAddress":"Voltride Telliskivi 57D","addressLocality":"Tallinn","postalCode":"10412","addressRegion":"Tallinn","addressCountry":"EE"},{"@type":"ImageObject","inLanguage":"fi","@id":"https:\/\/voltride.com\/fi\/leatt-polvi-ja-saarisuoja-dual-axis-pro-xxl\/#local-main-organization-logo","url":"https:\/\/voltride.com\/wp-content\/uploads\/voltride-logo.png","contentUrl":"https:\/\/voltride.com\/wp-content\/uploads\/voltride-logo.png","width":2481,"height":620,"caption":"Voltride"}]},"product_price_amount":"160.00","product_price_currency":"EUR","og_availability":"instock","product_availability":"instock","product_retailer_item_id":"LTSG008","product_condition":"new","geo.placename":"Tallinn","geo.position":{"lat":"59.439554","long":"24.726644"},"geo.region":"Viro"},"_links":{"self":[{"href":"https:\/\/voltride.com\/fi\/wp-json\/wp\/v2\/product\/25130","targetHints":{"allow":["GET"]}}],"collection":[{"href":"https:\/\/voltride.com\/fi\/wp-json\/wp\/v2\/product"}],"about":[{"href":"https:\/\/voltride.com\/fi\/wp-json\/wp\/v2\/types\/product"}],"replies":[{"embeddable":true,"href":"https:\/\/voltride.com\/fi\/wp-json\/wp\/v2\/comments?post=25130"}],"wp:featuredmedia":[{"embeddable":true,"href":"https:\/\/voltride.com\/fi\/wp-json\/wp\/v2\/media\/25129"}],"wp:attachment":[{"href":"https:\/\/voltride.com\/fi\/wp-json\/wp\/v2\/media?parent=25130"}],"wp:term":[{"taxonomy":"product_brand","embeddable":true,"href":"https:\/\/voltride.com\/fi\/wp-json\/wp\/v2\/product_brand?post=25130"},{"taxonomy":"product_cat","embeddable":true,"href":"https:\/\/voltride.com\/fi\/wp-json\/wp\/v2\/product_cat?post=25130"},{"taxonomy":"product_tag","embeddable":true,"href":"https:\/\/voltride.com\/fi\/wp-json\/wp\/v2\/product_tag?post=25130"}],"curies":[{"name":"wp","href":"https:\/\/api.w.org\/{rel}","templated":true}]}}